{"id":12796,"date":"2017-09-12T17:32:18","date_gmt":"2017-09-12T17:32:18","guid":{"rendered":"http:\/\/marketinghubs.ee\/hea-teada\/uuringud-ja-loputood\/"},"modified":"2017-09-18T15:07:58","modified_gmt":"2017-09-18T15:07:58","slug":"uuringud-ja-loputood","status":"publish","type":"page","link":"https:\/\/marketinghubs.ee\/en\/hea-teada\/uuringud-ja-loputood\/","title":{"rendered":"Uuringud ja l\u00f5put\u00f6\u00f6d"},"content":{"rendered":"<div class=\"fusion-fullwidth fullwidth-box fusion-builder-row-1 nonhundred-percent-fullwidth non-hundred-percent-height-scrolling\" style=\"--awb-border-radius-top-left:0px;--awb-border-radius-top-right:0px;--awb-border-radius-bottom-right:0px;--awb-border-radius-bottom-left:0px;--awb-flex-wrap:wrap;\" ><div class=\"fusion-builder-row fusion-row\"><div class=\"fusion-layout-column fusion_builder_column fusion-builder-column-0 fusion_builder_column_1_1 1_1 fusion-one-full fusion-column-first fusion-column-last\" style=\"--awb-bg-size:cover;\"><div class=\"fusion-column-wrapper fusion-flex-column-wrapper-legacy\"><div class=\"fusion-text fusion-text-1\"><p><span style=\"color: #f26522;\"><strong>L\u00f5put\u00f6\u00f6d<\/strong><\/span><br \/>\nSiiri Same doktorit\u00f6\u00f6st <a href=\"http:\/\/www.ttu.ee\/doktoritoo-kaitsmine-72\">www.ttu.ee\/doktoritoo-kaitsmine-72<\/a><br \/>\nLae t\u00f6\u00f6 alla <a href=\"http:\/\/digi.lib.ttu.ee\/i\/?1983\">digi.lib.ttu.ee\/i\/?1983<\/a><\/p>\n<p><span style=\"color: #f26522;\"><strong>L\u00f5put\u00f6\u00f6de digikogud<\/strong><\/span>:<br \/>\nTT\u00dc doktori- ja l\u00f5put\u00f6\u00f6d, \u00f5pikud jne <a href=\"https:\/\/digi.lib.ttu.ee\">https:\/\/digi.lib.ttu.ee<\/a><br \/>\nTartu \u00dclikooli l\u00f5put\u00f6\u00f6de kogu <a href=\"http:\/\/dspace.ut.ee\/?locale-attribute=et\">http:\/\/dspace.ut.ee\/?locale-attribute=et<\/a><\/p>\n<p><span style=\"color: #f26522;\"><strong>Uuringud<\/strong><\/span><br \/>\nEASi uuringud <a href=\"http:\/\/www.eas.ee\/uuringud\/#articleblock-Ettevtlus\">www.eas.ee\/uuringud\/#articleblock-Ettevtlus<\/a><br \/>\nMKMi uuringud <a href=\"http:\/\/www.mkm.ee\/et\/uudised-pressiinfo\/analuusid-ja-uuringud\">www.mkm.ee\/et\/uudised-pressiinfo\/analuusid-ja-uuringud<\/a><\/p>\n<p>Eesti juhtimisvaldkonna uuring 2015 <a href=\"http:\/\/www.eas.ee\/images\/doc\/sihtasutusest\/uuringud\/ettevotlus\/EAS_juhtimisvaldkonna_uuring_Civitta_EBS_Final_2015_08_17.pdf\">www.eas.ee\/images\/doc\/sihtasutusest\/uuringud\/ettevotlus\/EAS_juhtimisvaldkonna_uuring_Civitta_EBS_Final_2015_08_17.pdf<\/a><\/p>\n<\/div><div class=\"fusion-clearfix\"><\/div><\/div><\/div><\/div><\/div>\n","protected":false},"excerpt":{"rendered":"","protected":false},"author":1,"featured_media":0,"parent":12791,"menu_order":4,"comment_status":"closed","ping_status":"closed","template":"","meta":{"footnotes":""},"class_list":["post-12796","page","type-page","status-publish","hentry"],"yoast_head":"<!-- This site is optimized with the Yoast SEO plugin v23.4 - https:\/\/yoast.com\/wordpress\/plugins\/seo\/ -->\n<title>Uuringud ja l\u00f5put\u00f6\u00f6d - Marketing HUB-S<\/title>\n<meta name=\"robots\" content=\"index, follow, max-snippet:-1, max-image-preview:large, max-video-preview:-1\" \/>\n<link rel=\"canonical\" href=\"https:\/\/marketinghubs.ee\/hea-teada\/uuringud-ja-loputood\/\" \/>\n<meta property=\"og:locale\" content=\"en_US\" \/>\n<meta property=\"og:type\" content=\"article\" \/>\n<meta property=\"og:title\" content=\"Uuringud ja l\u00f5put\u00f6\u00f6d - Marketing HUB-S\" \/>\n<meta property=\"og:url\" content=\"https:\/\/marketinghubs.ee\/hea-teada\/uuringud-ja-loputood\/\" \/>\n<meta property=\"og:site_name\" content=\"Marketing HUB-S\" \/>\n<meta property=\"article:modified_time\" content=\"2017-09-18T15:07:58+00:00\" \/>\n<meta name=\"twitter:card\" content=\"summary_large_image\" \/>\n<meta name=\"twitter:label1\" content=\"Est. reading time\" \/>\n\t<meta name=\"twitter:data1\" content=\"1 minute\" \/>\n<script type=\"application\/ld+json\" class=\"yoast-schema-graph\">{\"@context\":\"https:\/\/schema.org\",\"@graph\":[{\"@type\":\"WebPage\",\"@id\":\"https:\/\/marketinghubs.ee\/hea-teada\/uuringud-ja-loputood\/\",\"url\":\"https:\/\/marketinghubs.ee\/hea-teada\/uuringud-ja-loputood\/\",\"name\":\"Uuringud ja l\u00f5put\u00f6\u00f6d - Marketing HUB-S\",\"isPartOf\":{\"@id\":\"https:\/\/marketinghubs.ee\/#website\"},\"datePublished\":\"2017-09-12T17:32:18+00:00\",\"dateModified\":\"2017-09-18T15:07:58+00:00\",\"breadcrumb\":{\"@id\":\"https:\/\/marketinghubs.ee\/hea-teada\/uuringud-ja-loputood\/#breadcrumb\"},\"inLanguage\":\"en-US\",\"potentialAction\":[{\"@type\":\"ReadAction\",\"target\":[\"https:\/\/marketinghubs.ee\/hea-teada\/uuringud-ja-loputood\/\"]}]},{\"@type\":\"BreadcrumbList\",\"@id\":\"https:\/\/marketinghubs.ee\/hea-teada\/uuringud-ja-loputood\/#breadcrumb\",\"itemListElement\":[{\"@type\":\"ListItem\",\"position\":1,\"name\":\"Home\",\"item\":\"https:\/\/marketinghubs.ee\/en\/\"},{\"@type\":\"ListItem\",\"position\":2,\"name\":\"Hea teada\",\"item\":\"https:\/\/marketinghubs.ee\/en\/hea-teada\/\"},{\"@type\":\"ListItem\",\"position\":3,\"name\":\"Uuringud ja l\u00f5put\u00f6\u00f6d\"}]},{\"@type\":\"WebSite\",\"@id\":\"https:\/\/marketinghubs.ee\/#website\",\"url\":\"https:\/\/marketinghubs.ee\/\",\"name\":\"Marketing HUB-S\",\"description\":\"Sinu turundusmentor ja partner\",\"potentialAction\":[{\"@type\":\"SearchAction\",\"target\":{\"@type\":\"EntryPoint\",\"urlTemplate\":\"https:\/\/marketinghubs.ee\/?s={search_term_string}\"},\"query-input\":{\"@type\":\"PropertyValueSpecification\",\"valueRequired\":true,\"valueName\":\"search_term_string\"}}],\"inLanguage\":\"en-US\"}]}<\/script>\n<!-- \/ Yoast SEO plugin. -->","yoast_head_json":{"title":"Uuringud ja l\u00f5put\u00f6\u00f6d - Marketing HUB-S","robots":{"index":"index","follow":"follow","max-snippet":"max-snippet:-1","max-image-preview":"max-image-preview:large","max-video-preview":"max-video-preview:-1"},"canonical":"https:\/\/marketinghubs.ee\/hea-teada\/uuringud-ja-loputood\/","og_locale":"en_US","og_type":"article","og_title":"Uuringud ja l\u00f5put\u00f6\u00f6d - Marketing HUB-S","og_url":"https:\/\/marketinghubs.ee\/hea-teada\/uuringud-ja-loputood\/","og_site_name":"Marketing HUB-S","article_modified_time":"2017-09-18T15:07:58+00:00","twitter_card":"summary_large_image","twitter_misc":{"Est. reading time":"1 minute"},"schema":{"@context":"https:\/\/schema.org","@graph":[{"@type":"WebPage","@id":"https:\/\/marketinghubs.ee\/hea-teada\/uuringud-ja-loputood\/","url":"https:\/\/marketinghubs.ee\/hea-teada\/uuringud-ja-loputood\/","name":"Uuringud ja l\u00f5put\u00f6\u00f6d - Marketing HUB-S","isPartOf":{"@id":"https:\/\/marketinghubs.ee\/#website"},"datePublished":"2017-09-12T17:32:18+00:00","dateModified":"2017-09-18T15:07:58+00:00","breadcrumb":{"@id":"https:\/\/marketinghubs.ee\/hea-teada\/uuringud-ja-loputood\/#breadcrumb"},"inLanguage":"en-US","potentialAction":[{"@type":"ReadAction","target":["https:\/\/marketinghubs.ee\/hea-teada\/uuringud-ja-loputood\/"]}]},{"@type":"BreadcrumbList","@id":"https:\/\/marketinghubs.ee\/hea-teada\/uuringud-ja-loputood\/#breadcrumb","itemListElement":[{"@type":"ListItem","position":1,"name":"Home","item":"https:\/\/marketinghubs.ee\/en\/"},{"@type":"ListItem","position":2,"name":"Hea teada","item":"https:\/\/marketinghubs.ee\/en\/hea-teada\/"},{"@type":"ListItem","position":3,"name":"Uuringud ja l\u00f5put\u00f6\u00f6d"}]},{"@type":"WebSite","@id":"https:\/\/marketinghubs.ee\/#website","url":"https:\/\/marketinghubs.ee\/","name":"Marketing HUB-S","description":"Sinu turundusmentor ja partner","potentialAction":[{"@type":"SearchAction","target":{"@type":"EntryPoint","urlTemplate":"https:\/\/marketinghubs.ee\/?s={search_term_string}"},"query-input":{"@type":"PropertyValueSpecification","valueRequired":true,"valueName":"search_term_string"}}],"inLanguage":"en-US"}]}},"_links":{"self":[{"href":"https:\/\/marketinghubs.ee\/en\/wp-json\/wp\/v2\/pages\/12796"}],"collection":[{"href":"https:\/\/marketinghubs.ee\/en\/wp-json\/wp\/v2\/pages"}],"about":[{"href":"https:\/\/marketinghubs.ee\/en\/wp-json\/wp\/v2\/types\/page"}],"author":[{"embeddable":true,"href":"https:\/\/marketinghubs.ee\/en\/wp-json\/wp\/v2\/users\/1"}],"replies":[{"embeddable":true,"href":"https:\/\/marketinghubs.ee\/en\/wp-json\/wp\/v2\/comments?post=12796"}],"version-history":[{"count":1,"href":"https:\/\/marketinghubs.ee\/en\/wp-json\/wp\/v2\/pages\/12796\/revisions"}],"predecessor-version":[{"id":12834,"href":"https:\/\/marketinghubs.ee\/en\/wp-json\/wp\/v2\/pages\/12796\/revisions\/12834"}],"up":[{"embeddable":true,"href":"https:\/\/marketinghubs.ee\/en\/wp-json\/wp\/v2\/pages\/12791"}],"wp:attachment":[{"href":"https:\/\/marketinghubs.ee\/en\/wp-json\/wp\/v2\/media?parent=12796"}],"curies":[{"name":"wp","href":"https:\/\/api.w.org\/{rel}","templated":true}]}}