{"id":12800,"date":"2017-09-18T12:31:26","date_gmt":"2017-09-18T12:31:26","guid":{"rendered":"http:\/\/marketinghubs.ee\/kontakt-taname\/"},"modified":"2017-09-18T15:11:54","modified_gmt":"2017-09-18T15:11:54","slug":"kontakt-taname","status":"publish","type":"page","link":"https:\/\/marketinghubs.ee\/en\/kontakt\/kontakt-taname\/","title":{"rendered":"Kontakt &#8211; t\u00e4name!"},"content":{"rendered":"<p><div id=\"kontakt\" class=\"fusion-container-anchor\"><div class=\"fusion-fullwidth fullwidth-box fusion-builder-row-1 nonhundred-percent-fullwidth non-hundred-percent-height-scrolling\" style=\"--awb-background-position:left top;--awb-border-radius-top-left:0px;--awb-border-radius-top-right:0px;--awb-border-radius-bottom-right:0px;--awb-border-radius-bottom-left:0px;--awb-border-sizes-top:0px;--awb-border-sizes-bottom:0px;--awb-flex-wrap:wrap;\" id=\"contact\" ><div class=\"fusion-builder-row fusion-row\"><div class=\"fusion-layout-column fusion_builder_column fusion-builder-column-0 fusion_builder_column_1_5 1_5 fusion-one-fifth fusion-column-first\" style=\"--awb-bg-size:cover;width:16.8%; margin-right: 4%;\"><div class=\"fusion-column-wrapper fusion-flex-column-wrapper-legacy\"><div class=\"fusion-sep-clear\"><\/div><div class=\"fusion-separator fusion-full-width-sep\" style=\"margin-left: auto;margin-right: auto;margin-top:1px;width:100%;\"><\/div><div class=\"fusion-sep-clear\"><\/div><div class=\"fusion-clearfix\"><\/div><\/div><\/div><div class=\"fusion-layout-column fusion_builder_column fusion-builder-column-1 fusion_builder_column_3_5 3_5 fusion-three-fifth\" style=\"--awb-bg-size:cover;width:58.4%; margin-right: 4%;\"><div class=\"fusion-column-wrapper fusion-flex-column-wrapper-legacy\"><div class=\"fusion-text fusion-text-1\"><p>V\u00f5ta julgesti \u00fchendust! Kohtumise broneerimiseks pole vaja krediitkaarti \ud83d\ude42 Esmakohtumine on tasuta.<\/p>\n<\/div><div class=\"fusion-sep-clear\"><\/div><div class=\"fusion-separator fusion-full-width-sep\" style=\"margin-left: auto;margin-right: auto;margin-top:40px;width:100%;\"><\/div><div class=\"fusion-sep-clear\"><\/div><div class=\"fusion-clearfix\"><\/div><\/div><\/div><div class=\"fusion-layout-column fusion_builder_column fusion-builder-column-2 fusion_builder_column_1_5 1_5 fusion-one-fifth fusion-column-last\" style=\"--awb-bg-size:cover;width:16.8%;\"><div class=\"fusion-column-wrapper fusion-flex-column-wrapper-legacy\"><div class=\"fusion-sep-clear\"><\/div><div class=\"fusion-separator fusion-full-width-sep\" style=\"margin-left: auto;margin-right: auto;margin-top:1px;width:100%;\"><\/div><div class=\"fusion-sep-clear\"><\/div><div class=\"fusion-clearfix\"><\/div><\/div><\/div><div class=\"fusion-layout-column fusion_builder_column fusion-builder-column-3 fusion_builder_column_1_4 1_4 fusion-one-fourth fusion-column-first\" style=\"--awb-bg-size:cover;width:22%; margin-right: 4%;\"><div class=\"fusion-column-wrapper fusion-flex-column-wrapper-legacy\"><div class=\"fusion-sep-clear\"><\/div><div class=\"fusion-separator fusion-full-width-sep\" style=\"margin-left: auto;margin-right: auto;margin-top:1px;width:100%;\"><\/div><div class=\"fusion-sep-clear\"><\/div><div class=\"fusion-clearfix\"><\/div><\/div><\/div><div class=\"fusion-layout-column fusion_builder_column fusion-builder-column-4 fusion_builder_column_1_2 1_2 fusion-one-half\" style=\"--awb-bg-size:cover;width:48%; margin-right: 4%;\"><div class=\"fusion-column-wrapper fusion-flex-column-wrapper-legacy\"><div class=\"fusion-text fusion-text-2\"><h4 style=\"text-align: center;\">T\u00e4name, et meile kirjutasite!<br \/>\nVastame esimesel v\u00f5imalusel.<\/h4>\n<\/div><div class=\"fusion-clearfix\"><\/div><\/div><\/div><div class=\"fusion-layout-column fusion_builder_column fusion-builder-column-5 fusion_builder_column_1_4 1_4 fusion-one-fourth fusion-column-last\" style=\"--awb-bg-size:cover;width:22%;\"><div class=\"fusion-column-wrapper fusion-flex-column-wrapper-legacy\"><div class=\"fusion-sep-clear\"><\/div><div class=\"fusion-separator fusion-full-width-sep\" style=\"margin-left: auto;margin-right: auto;margin-top:1px;width:100%;\"><\/div><div class=\"fusion-sep-clear\"><\/div><div class=\"fusion-clearfix\"><\/div><\/div><\/div><\/div><\/div><\/div><div class=\"fusion-fullwidth fullwidth-box fusion-builder-row-2 nonhundred-percent-fullwidth non-hundred-percent-height-scrolling fusion-equal-height-columns\" style=\"--awb-border-radius-top-left:0px;--awb-border-radius-top-right:0px;--awb-border-radius-bottom-right:0px;--awb-border-radius-bottom-left:0px;--awb-background-color:#f26522;--awb-border-sizes-top:0px;--awb-border-sizes-bottom:0px;--awb-flex-wrap:wrap;\" ><div class=\"fusion-builder-row fusion-row\"><div class=\"fusion-layout-column fusion_builder_column fusion-builder-column-6 fusion_builder_column_1_1 1_1 fusion-one-full fusion-column-first fusion-column-last\" style=\"--awb-padding-top:50px;--awb-padding-bottom:50px;--awb-bg-size:cover;\"><div class=\"fusion-column-wrapper fusion-flex-column-wrapper-legacy\"><div class=\"fusion-column-content-centered\"><div class=\"fusion-column-content\"><div class=\"fusion-sep-clear\"><\/div><div class=\"fusion-separator fusion-full-width-sep\" style=\"margin-left: auto;margin-right: auto;margin-top:15px;width:100%;\"><\/div><div class=\"fusion-sep-clear\"><\/div><div class=\"fusion-text fusion-text-3\"><h1 style=\"text-align: center;\" data-inline-fontsize=\"true\" data-inline-lineheight=\"true\" data-fontsize=\"84\" data-lineheight=\"60\"><span style=\"color: #ffffff;\">Me ootame Su k\u00f5net v\u00f5i meili.<\/span><\/h1>\n<\/div><div class=\"fusion-text fusion-text-4\"><p style=\"text-align: center;\"><span style=\"color: #ffffff;\">\u00c4ra k\u00f5hkle ja oleta, helista v\u00f5i kirjuta meile.<\/span><\/p>\n<\/div><div class=\"fusion-sep-clear\"><\/div><div class=\"fusion-separator fusion-full-width-sep\" style=\"margin-left: auto;margin-right: auto;margin-top:15px;width:100%;\"><\/div><div class=\"fusion-sep-clear\"><\/div><div class=\"fusion-content-boxes content-boxes columns row fusion-columns-2 fusion-columns-total-2 fusion-content-boxes-1 content-boxes-icon-on-top content-left\" style=\"--awb-body-color:#ffffff;--awb-title-color:#ffffff;--awb-iconcolor:#f26522;--awb-hover-accent-color:#ffffff;--awb-circle-hover-accent-color:#ffffff;\" data-animationOffset=\"top-into-view\"><div style=\"--awb-backgroundcolor:rgba(255,255,255,0);--awb-iconcolor:#f26522;\" class=\"fusion-column content-box-column content-box-column content-box-column-1 col-lg-6 col-md-6 col-sm-6 fusion-content-box-hover content-box-column-first-in-row\"><div class=\"col content-box-wrapper content-wrapper link-area-box icon-hover-animation-pulsate\" data-animationOffset=\"top-into-view\"><div class=\"heading heading-with-icon icon-left\"><div class=\"icon\"><i style=\"border-color:#f26522;border-width:1px;background-color:#ffffff;box-sizing:content-box;height:84px;width:84px;line-height:84px;border-radius:50%;font-size:42px;\" aria-hidden=\"true\" class=\"fontawesome-icon fa fa-phone circle-yes\"><\/i><\/div><h2 class=\"content-box-heading fusion-responsive-typography-calculated\" style=\"--h2_typography-font-size:24px;--fontSize:24;line-height:2.92;\">+372 506 9639<\/h2><\/div><\/div><\/div><div style=\"--awb-backgroundcolor:rgba(255,255,255,0);--awb-iconcolor:#f26522;\" class=\"fusion-column content-box-column content-box-column content-box-column-2 col-lg-6 col-md-6 col-sm-6 fusion-content-box-hover content-box-column-last content-box-column-last-in-row\"><div class=\"col content-box-wrapper content-wrapper link-area-box link-type-text icon-hover-animation-pulsate\" data-link=\"mailto:info@marketinghubs.ee\" data-link-target=\"_self\" data-animationOffset=\"top-into-view\"><div class=\"heading heading-with-icon icon-left\"><a class=\"heading-link\" href=\"mailto:info@marketinghubs.ee\" target=\"_self\"><div class=\"icon\"><i style=\"border-color:#f26522;border-width:1px;background-color:#ffffff;box-sizing:content-box;height:84px;width:84px;line-height:84px;border-radius:50%;font-size:42px;\" aria-hidden=\"true\" class=\"fontawesome-icon fa fa-paper-plane circle-yes\"><\/i><\/div><h2 class=\"content-box-heading fusion-responsive-typography-calculated\" style=\"--h2_typography-font-size:24px;--fontSize:24;line-height:2.92;\">Saada meil!<\/h2><\/a><\/div><\/div><\/div><div class=\"fusion-clearfix\"><\/div><\/div><div class=\"fusion-sep-clear\"><\/div><div class=\"fusion-separator fusion-full-width-sep\" style=\"margin-left: auto;margin-right: auto;margin-top:10px;width:100%;\"><\/div><div class=\"fusion-sep-clear\"><\/div><div class=\"fusion-aligncenter\"><a class=\"fusion-button button-flat fusion-button-default-size button-custom fusion-button-default button-1 fusion-button-default-span fusion-button-default-type\" style=\"--button_accent_color:#1f1f27;--button_accent_hover_color:#ffffff;--button_border_hover_color:#ffffff;--button_gradient_top_color:#ffffff;--button_gradient_bottom_color:#ffffff;--button_gradient_top_color_hover:#f26522;--button_gradient_bottom_color_hover:#f26522;\" target=\"_self\" href=\"#contact\"><i class=\" fa fa-play button-icon-left\" aria-hidden=\"true\"><\/i><span class=\"fusion-button-text\">V\u00f5ta \u00fchendust<\/span><\/a><\/div><\/div><\/div><div class=\"fusion-clearfix\"><\/div><\/div><\/div><\/div><\/div><\/p>\n","protected":false},"excerpt":{"rendered":"","protected":false},"author":1,"featured_media":0,"parent":12801,"menu_order":0,"comment_status":"closed","ping_status":"closed","template":"100-width.php","meta":{"footnotes":""},"class_list":["post-12800","page","type-page","status-publish","hentry"],"yoast_head":"<!-- This site is optimized with the Yoast SEO plugin v23.4 - https:\/\/yoast.com\/wordpress\/plugins\/seo\/ -->\n<title>Kontakt - t\u00e4name! - Marketing HUB-S<\/title>\n<meta name=\"robots\" content=\"index, follow, max-snippet:-1, max-image-preview:large, max-video-preview:-1\" \/>\n<link rel=\"canonical\" href=\"https:\/\/marketinghubs.ee\/kontakt\/kontakt-taname\/\" \/>\n<meta property=\"og:locale\" content=\"en_US\" \/>\n<meta property=\"og:type\" content=\"article\" \/>\n<meta property=\"og:title\" content=\"Kontakt - t\u00e4name! - Marketing HUB-S\" \/>\n<meta property=\"og:url\" content=\"https:\/\/marketinghubs.ee\/kontakt\/kontakt-taname\/\" \/>\n<meta property=\"og:site_name\" content=\"Marketing HUB-S\" \/>\n<meta property=\"article:modified_time\" content=\"2017-09-18T15:11:54+00:00\" \/>\n<meta name=\"twitter:card\" content=\"summary_large_image\" \/>\n<meta name=\"twitter:label1\" content=\"Est. reading time\" \/>\n\t<meta name=\"twitter:data1\" content=\"6 minutes\" \/>\n<script type=\"application\/ld+json\" class=\"yoast-schema-graph\">{\"@context\":\"https:\/\/schema.org\",\"@graph\":[{\"@type\":\"WebPage\",\"@id\":\"https:\/\/marketinghubs.ee\/kontakt\/kontakt-taname\/\",\"url\":\"https:\/\/marketinghubs.ee\/kontakt\/kontakt-taname\/\",\"name\":\"Kontakt - t\u00e4name! - Marketing HUB-S\",\"isPartOf\":{\"@id\":\"https:\/\/marketinghubs.ee\/#website\"},\"datePublished\":\"2017-09-18T12:31:26+00:00\",\"dateModified\":\"2017-09-18T15:11:54+00:00\",\"breadcrumb\":{\"@id\":\"https:\/\/marketinghubs.ee\/kontakt\/kontakt-taname\/#breadcrumb\"},\"inLanguage\":\"en-US\",\"potentialAction\":[{\"@type\":\"ReadAction\",\"target\":[\"https:\/\/marketinghubs.ee\/kontakt\/kontakt-taname\/\"]}]},{\"@type\":\"BreadcrumbList\",\"@id\":\"https:\/\/marketinghubs.ee\/kontakt\/kontakt-taname\/#breadcrumb\",\"itemListElement\":[{\"@type\":\"ListItem\",\"position\":1,\"name\":\"Home\",\"item\":\"https:\/\/marketinghubs.ee\/en\/\"},{\"@type\":\"ListItem\",\"position\":2,\"name\":\"Privaatpostitus: Kontakt\",\"item\":\"https:\/\/marketinghubs.ee\/?page_id=14\"},{\"@type\":\"ListItem\",\"position\":3,\"name\":\"Kontakt &#8211; t\u00e4name!\"}]},{\"@type\":\"WebSite\",\"@id\":\"https:\/\/marketinghubs.ee\/#website\",\"url\":\"https:\/\/marketinghubs.ee\/\",\"name\":\"Marketing HUB-S\",\"description\":\"Sinu turundusmentor ja partner\",\"potentialAction\":[{\"@type\":\"SearchAction\",\"target\":{\"@type\":\"EntryPoint\",\"urlTemplate\":\"https:\/\/marketinghubs.ee\/?s={search_term_string}\"},\"query-input\":{\"@type\":\"PropertyValueSpecification\",\"valueRequired\":true,\"valueName\":\"search_term_string\"}}],\"inLanguage\":\"en-US\"}]}<\/script>\n<!-- \/ Yoast SEO plugin. -->","yoast_head_json":{"title":"Kontakt - t\u00e4name! - Marketing HUB-S","robots":{"index":"index","follow":"follow","max-snippet":"max-snippet:-1","max-image-preview":"max-image-preview:large","max-video-preview":"max-video-preview:-1"},"canonical":"https:\/\/marketinghubs.ee\/kontakt\/kontakt-taname\/","og_locale":"en_US","og_type":"article","og_title":"Kontakt - t\u00e4name! - Marketing HUB-S","og_url":"https:\/\/marketinghubs.ee\/kontakt\/kontakt-taname\/","og_site_name":"Marketing HUB-S","article_modified_time":"2017-09-18T15:11:54+00:00","twitter_card":"summary_large_image","twitter_misc":{"Est. reading time":"6 minutes"},"schema":{"@context":"https:\/\/schema.org","@graph":[{"@type":"WebPage","@id":"https:\/\/marketinghubs.ee\/kontakt\/kontakt-taname\/","url":"https:\/\/marketinghubs.ee\/kontakt\/kontakt-taname\/","name":"Kontakt - t\u00e4name! - Marketing HUB-S","isPartOf":{"@id":"https:\/\/marketinghubs.ee\/#website"},"datePublished":"2017-09-18T12:31:26+00:00","dateModified":"2017-09-18T15:11:54+00:00","breadcrumb":{"@id":"https:\/\/marketinghubs.ee\/kontakt\/kontakt-taname\/#breadcrumb"},"inLanguage":"en-US","potentialAction":[{"@type":"ReadAction","target":["https:\/\/marketinghubs.ee\/kontakt\/kontakt-taname\/"]}]},{"@type":"BreadcrumbList","@id":"https:\/\/marketinghubs.ee\/kontakt\/kontakt-taname\/#breadcrumb","itemListElement":[{"@type":"ListItem","position":1,"name":"Home","item":"https:\/\/marketinghubs.ee\/en\/"},{"@type":"ListItem","position":2,"name":"Privaatpostitus: Kontakt","item":"https:\/\/marketinghubs.ee\/?page_id=14"},{"@type":"ListItem","position":3,"name":"Kontakt &#8211; t\u00e4name!"}]},{"@type":"WebSite","@id":"https:\/\/marketinghubs.ee\/#website","url":"https:\/\/marketinghubs.ee\/","name":"Marketing HUB-S","description":"Sinu turundusmentor ja partner","potentialAction":[{"@type":"SearchAction","target":{"@type":"EntryPoint","urlTemplate":"https:\/\/marketinghubs.ee\/?s={search_term_string}"},"query-input":{"@type":"PropertyValueSpecification","valueRequired":true,"valueName":"search_term_string"}}],"inLanguage":"en-US"}]}},"_links":{"self":[{"href":"https:\/\/marketinghubs.ee\/en\/wp-json\/wp\/v2\/pages\/12800"}],"collection":[{"href":"https:\/\/marketinghubs.ee\/en\/wp-json\/wp\/v2\/pages"}],"about":[{"href":"https:\/\/marketinghubs.ee\/en\/wp-json\/wp\/v2\/types\/page"}],"author":[{"embeddable":true,"href":"https:\/\/marketinghubs.ee\/en\/wp-json\/wp\/v2\/users\/1"}],"replies":[{"embeddable":true,"href":"https:\/\/marketinghubs.ee\/en\/wp-json\/wp\/v2\/comments?post=12800"}],"version-history":[{"count":1,"href":"https:\/\/marketinghubs.ee\/en\/wp-json\/wp\/v2\/pages\/12800\/revisions"}],"predecessor-version":[{"id":12836,"href":"https:\/\/marketinghubs.ee\/en\/wp-json\/wp\/v2\/pages\/12800\/revisions\/12836"}],"up":[{"embeddable":true,"href":"https:\/\/marketinghubs.ee\/en\/wp-json\/wp\/v2\/pages\/12801"}],"wp:attachment":[{"href":"https:\/\/marketinghubs.ee\/en\/wp-json\/wp\/v2\/media?parent=12800"}],"curies":[{"name":"wp","href":"https:\/\/api.w.org\/{rel}","templated":true}]}}