{"id":12804,"date":"2017-09-12T15:54:38","date_gmt":"2017-09-12T15:54:38","guid":{"rendered":"http:\/\/marketinghubs.ee\/teenused\/konsultatsioon\/"},"modified":"2017-09-18T15:19:38","modified_gmt":"2017-09-18T15:19:38","slug":"konsultatsioon","status":"publish","type":"page","link":"https:\/\/marketinghubs.ee\/en\/teenused\/konsultatsioon\/","title":{"rendered":"Konsultatsioon"},"content":{"rendered":"<p><div class=\"fusion-fullwidth fullwidth-box fusion-builder-row-1 nonhundred-percent-fullwidth non-hundred-percent-height-scrolling\" style=\"--awb-border-radius-top-left:0px;--awb-border-radius-top-right:0px;--awb-border-radius-bottom-right:0px;--awb-border-radius-bottom-left:0px;--awb-flex-wrap:wrap;\" ><div class=\"fusion-builder-row fusion-row\"><div class=\"fusion-layout-column fusion_builder_column fusion-builder-column-0 fusion_builder_column_1_1 1_1 fusion-one-full fusion-column-first fusion-column-last\" style=\"--awb-bg-size:cover;\"><div class=\"fusion-column-wrapper fusion-flex-column-wrapper-legacy\"><div class=\"fusion-text fusion-text-1\"><p><span style=\"color: #f26522;\"><strong>Turunduskonsultatsioonid ja auditid<\/strong><\/span> ehk \u00e4rin\u00f5ustamine juhtidele ja turundajatele, sh ettev\u00f5tte turunduse hetkeolukorra kaardistamine ja tegevussuunad v\u00f5i abi strateegiate ja plaanide v\u00e4ljat\u00f6\u00f6tamisel. Pakume nii mahukat anal\u00fc\u00fcsi, turundusauditit kui l\u00fchema kokkuv\u00f5tte tegemist ettev\u00f5tte turundustegevuse v\u00f5i -juhtimise kohta. Konsultandi t\u00f6\u00f6 eesm\u00e4rk on anda kliendile n\u00f5u ja abi, mis aitab tal probleemi lahendada.\u00a0Eesm\u00e4rk on ka tagada ettev\u00f5tte juhtkonnale v\u00f5i turundusjuhile kindlustunne, et tehtavad otsused ja turundustegevused on \u00f5iged, et ressursse kasutatakse s\u00e4\u00e4stlikult ja t\u00f5husalt.<br \/>\nAnname n\u00f5u selliste probleemide lahendamisel, milleks kliendil puudub piisav oskusteave v\u00f5i ajaressurss. Konsultant on asjatundja valdkonna ja (arengu) protsessi juhtimise osas, klient on aga oma sektori ja olukorra tundja. V\u00e4\u00e4rtust loome koost\u00f6\u00f6s. Tegemist on individuaalse n\u00f5ustamisega.<\/p>\n<p>Konsultatsiooniprotsessi raames saab teha ka turundusauditit. <strong><span style=\"color: #f26522;\">Turundusaudit<\/span> <\/strong>on kriitiline ja s\u00f5ltumatu kontroll p\u00f5hjaliku \u00fclevaate saamiseks ettev\u00f5tte turundusolukorrast. Auditi k\u00e4igus hinnatakse ettev\u00f5tte turunduskeskkonda, eesm\u00e4rke ja tegevusplaani ning m\u00e4\u00e4ratletakse turundustegevuse n\u00f5rkused ja kitsaskohad ning pakutakse lahendusi ja uusi tegevussuundi. Turundusauditit on otstarbekas tellida s\u00f5ltumatult eksperdilt v\u00e4hemalt kord kahe aasta jooksul. Tulemus: suureneb turundustegevuse efektiivsus, uuendatud on turundusstrateegiat v\u00f5i plaane ning turunduskulud on v\u00f5etud kontrolli alla.<br \/>\nLisav\u00f5imalusteks on *konsultandi osalemine n\u00f5upidamistel v\u00f5i l\u00e4bir\u00e4\u00e4kimistel, *p\u00fcstitatud eesm\u00e4rkide, arengu\u00fclesannete t\u00e4itmise hilisem j\u00e4lgimine, *viia l\u00e4bi eri valdkondade t\u00f6\u00f6tajate tagasiside-uuringud ja vahetu juhi tagasiside-intervjuud.<\/p>\n<p><strong><span style=\"color: #f26522;\">Juhile<\/span><\/strong>: Soovid kasvatada m\u00fc\u00fcki v\u00f5i saada klientide tagasisidet? Teada, kas Su turundusraha on kasutatud efektiivselt? Anal\u00fc\u00fcsime Su firma turundustegevust ja pakume v\u00e4lja lahendused, mida paremini teha. Kui Sa ei soovi p\u00f5hjalikku turundusauditit, siis v\u00f5ime \u00fcle vaadata k\u00f5ik selle, mida klient v\u00e4ljastpoolt n\u00e4eb ning anda tagasisidet ja soovitusi, mida teistmoodi teha \u2013 k\u00f5ik ikka selleks, et firma tulemused oleksid paremad, tegevus veel efektiivsem. V\u00f5ib juhtuda, et Sinu turundaja on liiga pikalt firmas \u201esees\u201c ja vajab vaadet k\u00f5rvalt ehk kliendi m\u00e4tta otsast. V\u00f5i on vaja firmas ellu viia muutusi.<br \/>\n\u2022 <strong>Kui Sinu ettev\u00f5ttes on turundusinimene<\/strong> (nt turundusassistent v\u00f5i projektijuht), kes vastutab\/ hoolitseb turunduse ja turundusplaani elluviimise eest, kuid vajate tuge plaani v\u00e4ljat\u00f6\u00f6tamisel, selle t\u00e4itmise j\u00e4lgimisel ja jooksvat n\u00f5ustamist, siis kirjuta meile. Saame kokku ja arutame l\u00e4bi, millised on teie eesm\u00e4rgid ja tegevused, mida teie ettev\u00f5te edukaks turunduseks vajab. Milliseid turundustegevusi teie ettev\u00f5te suudab ise l\u00e4bi viia ja milliste juures vajate abi? M\u00f5tleme koos kas teie ettev\u00f5ttes tuleb l\u00e4bi viia koolitusi, mis aitaks turundust, klienditeenindust ja m\u00fc\u00fcki paremini juhtida. Ja palju muid k\u00fcsimusi. Kord kvartalis toimub regulaarne turundusplaani \u00fclevaatus ja eesm\u00e4rkide ning \u00fclesannete t\u00e4itmise kontroll. Hiljem saame kokku just nii palju ja kaua kui vajalikuks pead.<br \/>\n\u2022 <strong>Kui Sul ei ole turundusinimest palgal<\/strong>, sest Sa ei vaja turundusteenust iga kuu v\u00f5i Sinu vajadused ja mahud on teistsugused, v\u00f5id sisse osta vaid m\u00f5nda teenust (nt m\u00fc\u00fcgikirjade, uudiskirja v\u00f5i artiklite kirjutamist, Facebooki haldamist v\u00f5i kliendi\u00fcrituse korraldamist). V\u00f5ta julgesti \u00fchendust, leiame lahenduse.<\/p>\n<p><strong><span style=\"color: #f26522;\">Alustavale ettev\u00f5tjale<\/span><\/strong>: Kui kogemustega turundaja palkamine pole sinu kui alustava ettev\u00f5tja rahakoti jaoks sobilik, siis anna meile v\u00f5imalus olla sinu k\u00f5rval m\u00f5tetes, olla sinu kauge teejuht, suunan\u00e4itaja v\u00f5i kasv\u00f5i teeotsa k\u00e4tte n\u00e4itaja. Kohtuda v\u00f5ime siis kui sulle sobib \u2013 korra kuus, kvartalis v\u00f5i poole aasta tagant. Esimene pooltund on tasuta, seej\u00e4rel saad otsustada, kas minna koos edasi.<\/p>\n<p><span style=\"color: #f26522;\"><strong>Soovid esmast TASUTA turunduskonsultatsiooni?<\/strong> <\/span>Kui vajad turundusalast tuge, kuid Sa ei tea, mida k\u00f5ike on v\u00f5imalik teha, siis v\u00f5ta alustuseks pool tundi tasuta turunduskonsultatsiooni ilma igasuguse ostukohustuseta! Saada mulle kohe kiri oma sooviga info@marketinghubs.ee v\u00f5i helista 506 9639. Siiri<\/p>\n<\/div><div class=\"fusion-clearfix\"><\/div><\/div><\/div><\/div><\/div><div class=\"fusion-fullwidth fullwidth-box fusion-builder-row-2 hundred-percent-fullwidth non-hundred-percent-height-scrolling\" style=\"--awb-border-radius-top-left:0px;--awb-border-radius-top-right:0px;--awb-border-radius-bottom-right:0px;--awb-border-radius-bottom-left:0px;--awb-margin-top:45px;--awb-background-color:#a0ce4e;--awb-flex-wrap:wrap;\" ><div class=\"fusion-builder-row fusion-row\"><div class=\"fusion-layout-column fusion_builder_column fusion-builder-column-1 fusion_builder_column_1_1 1_1 fusion-one-full fusion-column-first fusion-column-last\" style=\"--awb-bg-size:cover;\"><div class=\"fusion-column-wrapper fusion-flex-column-wrapper-legacy\"><div class=\"fusion-text fusion-text-2\"><h4 style=\"text-align: center;\"><span style=\"color: #ffffff;\">Soovid esmast TASUTA turunduskonsultatsiooni?<\/span><\/h4>\n<\/div><div class=\"fusion-clearfix\"><\/div><\/div><\/div><\/div><\/div><div class=\"fusion-fullwidth fullwidth-box fusion-builder-row-3 nonhundred-percent-fullwidth non-hundred-percent-height-scrolling\" style=\"--awb-border-radius-top-left:0px;--awb-border-radius-top-right:0px;--awb-border-radius-bottom-right:0px;--awb-border-radius-bottom-left:0px;--awb-flex-wrap:wrap;\" ><div class=\"fusion-builder-row fusion-row\"><div class=\"fusion-layout-column fusion_builder_column fusion-builder-column-2 fusion_builder_column_1_1 1_1 fusion-one-full fusion-column-first fusion-column-last fusion-column-no-min-height\" style=\"--awb-bg-size:cover;\"><div class=\"fusion-column-wrapper fusion-flex-column-wrapper-legacy\"><div class=\"fusion-section-separator section-separator triangle fusion-section-separator-1\" style=\"--awb-border-bottom:1px solid #a0ce4e;--awb-spacer-height:1px;--awb-svg-margin-left:0;--awb-svg-margin-right:0;--awb-icon-color:#7da7fa;\"><div class=\"fusion-section-separator-svg\"><div class=\"divider-candy-arrow bottom\" style=\"top:0px;border-top-color: #a0ce4e;\"><\/div><div class=\"divider-candy bottom\" style=\"bottom:-21px;border-bottom:1px solid #a0ce4e;border-left:1px solid #a0ce4e;\"><\/div><\/div><div class=\"fusion-section-separator-spacer\"><div class=\"fusion-section-separator-spacer-height\"><\/div><\/div><\/div><div class=\"fusion-clearfix\"><\/div><\/div><\/div><\/div><\/div><div class=\"fusion-fullwidth fullwidth-box fusion-builder-row-4 nonhundred-percent-fullwidth non-hundred-percent-height-scrolling\" style=\"--awb-border-radius-top-left:0px;--awb-border-radius-top-right:0px;--awb-border-radius-bottom-right:0px;--awb-border-radius-bottom-left:0px;--awb-flex-wrap:wrap;\" ><div class=\"fusion-builder-row fusion-row\"><div class=\"fusion-layout-column fusion_builder_column fusion-builder-column-3 fusion_builder_column_1_1 1_1 fusion-one-full fusion-column-first fusion-column-last\" style=\"--awb-bg-size:cover;\"><div class=\"fusion-column-wrapper fusion-flex-column-wrapper-legacy\"><div class=\"fusion-sep-clear\"><\/div><div class=\"fusion-separator fusion-full-width-sep\" style=\"margin-left: auto;margin-right: auto;margin-top:40px;width:100%;\"><\/div><div class=\"fusion-sep-clear\"><\/div><div class=\"fusion-clearfix\"><\/div><\/div><\/div><\/div><\/div><div class=\"fusion-fullwidth fullwidth-box fusion-builder-row-5 nonhundred-percent-fullwidth non-hundred-percent-height-scrolling\" style=\"--awb-border-radius-top-left:0px;--awb-border-radius-top-right:0px;--awb-border-radius-bottom-right:0px;--awb-border-radius-bottom-left:0px;--awb-flex-wrap:wrap;\" ><div class=\"fusion-builder-row fusion-row\"><div class=\"fusion-layout-column fusion_builder_column fusion-builder-column-4 fusion_builder_column_1_1 1_1 fusion-one-full fusion-column-first fusion-column-last\" style=\"--awb-bg-size:cover;\"><div class=\"fusion-column-wrapper fusion-flex-column-wrapper-legacy\"><div class=\"fusion-text fusion-text-3\"><p>Kui vajad turundusalast tuge, kuid Sa ei tea, mida k\u00f5ike on v\u00f5imalik teha, siis v\u00f5ta alustuseks pool tundi tasuta turunduskonsultatsiooni ilma igasuguse ostukohustuseta! Saada mulle kiri oma sooviga info@marketinghubs.ee v\u00f5i helista 506 9639. Siiri<\/p>\n<\/div><div class=\"fusion-clearfix\"><\/div><\/div><\/div><\/div><\/div><div class=\"fusion-fullwidth fullwidth-box fusion-builder-row-6 nonhundred-percent-fullwidth non-hundred-percent-height-scrolling\" style=\"--awb-border-radius-top-left:0px;--awb-border-radius-top-right:0px;--awb-border-radius-bottom-right:0px;--awb-border-radius-bottom-left:0px;--awb-padding-top:20px;--awb-padding-bottom:20px;--awb-background-color:#f26522;--awb-flex-wrap:wrap;\" ><div class=\"fusion-builder-row fusion-row\"><div class=\"fusion-layout-column fusion_builder_column fusion-builder-column-5 fusion_builder_column_1_1 1_1 fusion-one-full fusion-column-first fusion-column-last\" style=\"--awb-bg-size:cover;\"><div class=\"fusion-column-wrapper fusion-flex-column-wrapper-legacy\"><div class=\"fusion-aligncenter\"><a class=\"fusion-button button-flat fusion-button-default-size button-custom fusion-button-default button-1 fusion-button-default-span fusion-button-default-type\" style=\"--button_accent_color:#1f1f27;--button_accent_hover_color:#ffffff;--button_border_hover_color:#ffffff;--button_gradient_top_color:#ffffff;--button_gradient_bottom_color:#ffffff;--button_gradient_top_color_hover:#f26522;--button_gradient_bottom_color_hover:#f26522;\" target=\"_self\" href=\"https:\/\/marketinghubs.ee\/kontakt\/#kontakt\"><i class=\" fa fa-play button-icon-left\" aria-hidden=\"true\"><\/i><span class=\"fusion-button-text\">V\u00f5ta \u00fchendust!<\/span><\/a><\/div><div class=\"fusion-clearfix\"><\/div><\/div><\/div><\/div><\/div><\/p>\n","protected":false},"excerpt":{"rendered":"","protected":false},"author":1,"featured_media":0,"parent":12803,"menu_order":0,"comment_status":"closed","ping_status":"closed","template":"100-width.php","meta":{"footnotes":""},"class_list":["post-12804","page","type-page","status-publish","hentry"],"yoast_head":"<!-- This site is optimized with the Yoast SEO plugin v23.4 - https:\/\/yoast.com\/wordpress\/plugins\/seo\/ -->\n<title>Konsultatsioon - Marketing HUB-S<\/title>\n<meta name=\"robots\" content=\"index, follow, max-snippet:-1, max-image-preview:large, max-video-preview:-1\" \/>\n<link rel=\"canonical\" href=\"https:\/\/marketinghubs.ee\/teenused\/konsultatsioon\/\" \/>\n<meta property=\"og:locale\" content=\"en_US\" \/>\n<meta property=\"og:type\" content=\"article\" \/>\n<meta property=\"og:title\" content=\"Konsultatsioon - Marketing HUB-S\" \/>\n<meta property=\"og:url\" content=\"https:\/\/marketinghubs.ee\/teenused\/konsultatsioon\/\" \/>\n<meta property=\"og:site_name\" content=\"Marketing HUB-S\" \/>\n<meta property=\"article:modified_time\" content=\"2017-09-18T15:19:38+00:00\" \/>\n<meta name=\"twitter:card\" content=\"summary_large_image\" \/>\n<meta name=\"twitter:label1\" content=\"Est. reading time\" \/>\n\t<meta name=\"twitter:data1\" content=\"9 minutes\" \/>\n<script type=\"application\/ld+json\" class=\"yoast-schema-graph\">{\"@context\":\"https:\/\/schema.org\",\"@graph\":[{\"@type\":\"WebPage\",\"@id\":\"https:\/\/marketinghubs.ee\/teenused\/konsultatsioon\/\",\"url\":\"https:\/\/marketinghubs.ee\/teenused\/konsultatsioon\/\",\"name\":\"Konsultatsioon - Marketing HUB-S\",\"isPartOf\":{\"@id\":\"https:\/\/marketinghubs.ee\/#website\"},\"datePublished\":\"2017-09-12T15:54:38+00:00\",\"dateModified\":\"2017-09-18T15:19:38+00:00\",\"breadcrumb\":{\"@id\":\"https:\/\/marketinghubs.ee\/teenused\/konsultatsioon\/#breadcrumb\"},\"inLanguage\":\"en-US\",\"potentialAction\":[{\"@type\":\"ReadAction\",\"target\":[\"https:\/\/marketinghubs.ee\/teenused\/konsultatsioon\/\"]}]},{\"@type\":\"BreadcrumbList\",\"@id\":\"https:\/\/marketinghubs.ee\/teenused\/konsultatsioon\/#breadcrumb\",\"itemListElement\":[{\"@type\":\"ListItem\",\"position\":1,\"name\":\"Home\",\"item\":\"https:\/\/marketinghubs.ee\/en\/\"},{\"@type\":\"ListItem\",\"position\":2,\"name\":\"Services\",\"item\":\"https:\/\/marketinghubs.ee\/teenused\/\"},{\"@type\":\"ListItem\",\"position\":3,\"name\":\"Konsultatsioon\"}]},{\"@type\":\"WebSite\",\"@id\":\"https:\/\/marketinghubs.ee\/#website\",\"url\":\"https:\/\/marketinghubs.ee\/\",\"name\":\"Marketing HUB-S\",\"description\":\"Sinu turundusmentor ja partner\",\"potentialAction\":[{\"@type\":\"SearchAction\",\"target\":{\"@type\":\"EntryPoint\",\"urlTemplate\":\"https:\/\/marketinghubs.ee\/?s={search_term_string}\"},\"query-input\":{\"@type\":\"PropertyValueSpecification\",\"valueRequired\":true,\"valueName\":\"search_term_string\"}}],\"inLanguage\":\"en-US\"}]}<\/script>\n<!-- \/ Yoast SEO plugin. -->","yoast_head_json":{"title":"Konsultatsioon - Marketing HUB-S","robots":{"index":"index","follow":"follow","max-snippet":"max-snippet:-1","max-image-preview":"max-image-preview:large","max-video-preview":"max-video-preview:-1"},"canonical":"https:\/\/marketinghubs.ee\/teenused\/konsultatsioon\/","og_locale":"en_US","og_type":"article","og_title":"Konsultatsioon - Marketing HUB-S","og_url":"https:\/\/marketinghubs.ee\/teenused\/konsultatsioon\/","og_site_name":"Marketing HUB-S","article_modified_time":"2017-09-18T15:19:38+00:00","twitter_card":"summary_large_image","twitter_misc":{"Est. reading time":"9 minutes"},"schema":{"@context":"https:\/\/schema.org","@graph":[{"@type":"WebPage","@id":"https:\/\/marketinghubs.ee\/teenused\/konsultatsioon\/","url":"https:\/\/marketinghubs.ee\/teenused\/konsultatsioon\/","name":"Konsultatsioon - Marketing HUB-S","isPartOf":{"@id":"https:\/\/marketinghubs.ee\/#website"},"datePublished":"2017-09-12T15:54:38+00:00","dateModified":"2017-09-18T15:19:38+00:00","breadcrumb":{"@id":"https:\/\/marketinghubs.ee\/teenused\/konsultatsioon\/#breadcrumb"},"inLanguage":"en-US","potentialAction":[{"@type":"ReadAction","target":["https:\/\/marketinghubs.ee\/teenused\/konsultatsioon\/"]}]},{"@type":"BreadcrumbList","@id":"https:\/\/marketinghubs.ee\/teenused\/konsultatsioon\/#breadcrumb","itemListElement":[{"@type":"ListItem","position":1,"name":"Home","item":"https:\/\/marketinghubs.ee\/en\/"},{"@type":"ListItem","position":2,"name":"Services","item":"https:\/\/marketinghubs.ee\/teenused\/"},{"@type":"ListItem","position":3,"name":"Konsultatsioon"}]},{"@type":"WebSite","@id":"https:\/\/marketinghubs.ee\/#website","url":"https:\/\/marketinghubs.ee\/","name":"Marketing HUB-S","description":"Sinu turundusmentor ja partner","potentialAction":[{"@type":"SearchAction","target":{"@type":"EntryPoint","urlTemplate":"https:\/\/marketinghubs.ee\/?s={search_term_string}"},"query-input":{"@type":"PropertyValueSpecification","valueRequired":true,"valueName":"search_term_string"}}],"inLanguage":"en-US"}]}},"_links":{"self":[{"href":"https:\/\/marketinghubs.ee\/en\/wp-json\/wp\/v2\/pages\/12804"}],"collection":[{"href":"https:\/\/marketinghubs.ee\/en\/wp-json\/wp\/v2\/pages"}],"about":[{"href":"https:\/\/marketinghubs.ee\/en\/wp-json\/wp\/v2\/types\/page"}],"author":[{"embeddable":true,"href":"https:\/\/marketinghubs.ee\/en\/wp-json\/wp\/v2\/users\/1"}],"replies":[{"embeddable":true,"href":"https:\/\/marketinghubs.ee\/en\/wp-json\/wp\/v2\/comments?post=12804"}],"version-history":[{"count":1,"href":"https:\/\/marketinghubs.ee\/en\/wp-json\/wp\/v2\/pages\/12804\/revisions"}],"predecessor-version":[{"id":12809,"href":"https:\/\/marketinghubs.ee\/en\/wp-json\/wp\/v2\/pages\/12804\/revisions\/12809"}],"up":[{"embeddable":true,"href":"https:\/\/marketinghubs.ee\/en\/wp-json\/wp\/v2\/pages\/12803"}],"wp:attachment":[{"href":"https:\/\/marketinghubs.ee\/en\/wp-json\/wp\/v2\/media?parent=12804"}],"curies":[{"name":"wp","href":"https:\/\/api.w.org\/{rel}","templated":true}]}}