{"id":12805,"date":"2017-09-12T15:55:04","date_gmt":"2017-09-12T15:55:04","guid":{"rendered":"http:\/\/marketinghubs.ee\/teenused\/koolitused\/"},"modified":"2017-09-18T15:20:37","modified_gmt":"2017-09-18T15:20:37","slug":"koolitused","status":"publish","type":"page","link":"https:\/\/marketinghubs.ee\/en\/teenused\/koolitused\/","title":{"rendered":"Koolitused"},"content":{"rendered":"<p><div class=\"fusion-fullwidth fullwidth-box fusion-builder-row-1 nonhundred-percent-fullwidth non-hundred-percent-height-scrolling\" style=\"--awb-border-radius-top-left:0px;--awb-border-radius-top-right:0px;--awb-border-radius-bottom-right:0px;--awb-border-radius-bottom-left:0px;--awb-flex-wrap:wrap;\" ><div class=\"fusion-builder-row fusion-row\"><div class=\"fusion-layout-column fusion_builder_column fusion-builder-column-0 fusion_builder_column_1_1 1_1 fusion-one-full fusion-column-first fusion-column-last\" style=\"--awb-bg-size:cover;\"><div class=\"fusion-column-wrapper fusion-flex-column-wrapper-legacy\"><div class=\"fusion-text fusion-text-1\"><p>Koolitused &#8211; enamasti ettev\u00f5ttesisesed koolitused &#8211; turundajale, juhile (kes vastutab turunduse eest) ja alustavale ettev\u00f5tjale.<\/p>\n<p><strong><span style=\"color: #f26522;\">Turundajale<\/span><\/strong>: Kas vajad v\u00e4rskendust igap\u00e4eva rutiini? V\u00f5i sinu meeskond pole ammu s\u00f5ltumatu eksperdi kaasabil oma r\u00f5\u00f5mudest ja muredest r\u00e4\u00e4kinud? Kas soovid, et Su meeskond v\u00f5taks aja maha ja vaataksime koos, mida paremini teha? Mis t\u00f6\u00f6tab ja mis mitte? Mida te teete h\u00e4sti ja mis oskuseid on vaja juurde arendada, mida juurde \u00f5ppida?<\/p>\n<p>Meie poolt pakutavad koolitused v\u00f5ib jagada <strong>5 p\u00f5hiteema<\/strong> alla: turundus, ettev\u00f5tlus, m\u00fc\u00fck, PR ja klienditeenindus. Saame Sind aidata erinevate koolitustega.<br \/>\n<strong>Teemadest on fookuses<\/strong>: Turundus alustavale ettev\u00f5tjale, Elamusturundus, Br\u00e4ndi loomine ja juhtimine, Kohaturundus, \u00c4riplaani koostamise praktikum (v\u00f5i \u00e4riplaanist vaid turunduse osa), Turundusplaani ja strateegia koostamine, Turundusaudit, Ettev\u00f5tluskoolitus, Klienditeenindus, Kaubam\u00e4rkide loomine ja \u00f5iguskaitse.<br \/>\n<strong>Teistest teemadest<\/strong> v\u00f5ib esile tuua: Alustava ettev\u00f5tja turundus- ja m\u00fc\u00fcgikoolitus, strateegiline turundus, sotsiaalmeedia (strateegiad), Alustava ettev\u00f5tte br\u00e4ndi loomine, kuidas muuta teenused elamuslikuks, v\u00e4ikese eelarvega turundus, Internetiturundus, sisuturundus, kodulehe loomine, elamusdisain ja disainm\u00f5tlemine. <strong>Oleme valmis<\/strong> koolitusi korraldama ka teemadel nagu kliendi teekonna kaardistamine, kuidas turundada (asu)kohti, m\u00fc\u00fcgisuhtlus, suhtekorraldus, turunduse alused jne.<\/p>\n<p>Teeme ka meeskonnakoolitusi, et eri valdkonna inimesed panustaksid \u00fchiselt turundusse.\u00a0Tihtilugu kuulatakse rohkem neutraalset inimest majast v\u00e4ljast.<\/p>\n<p>Keskendume igap\u00e4evaste praktiliste turundusoskuste \u00f5petamisele. Sisekoolitus on vajadusp\u00f5hine, lahendatakse kliendi spetsiifilisusest tulenevaid probleeme ja antakse uusi teadmisi. Ettev\u00f5tte sisekoolitus aitab t\u00f5sta ettev\u00f5tte t\u00f6\u00f6tajate kompetentsust, l\u00e4bi parendusvajaduste leidmise t\u00f5sta t\u00f6\u00f6 rahulolu ja parandada tulemusi. Eesm\u00e4rk on t\u00f5sta Eesti turundajate taset varustades neid praktiliste teadmiste ja oskustega turunduse v\u00f5tmevaldkondades. Oluline, et p\u00f5hiteadmised ja oskused omandatakse l\u00e4bi praktiliste harjutuste ja koolitus on koolitatava jaoks praktiline, tulemuslik ja interaktiivne. Koolitame ise ja kaasame partnereid.<\/p>\n<p>Koolituste k\u00e4igus kasutame l\u00e4htuvalt osalejate spetsiifilistest eesm\u00e4rkidest ja arenguvajadustest interaktiivseid, t\u00f5husaid ja vaheldusrikkaid meetodeid nagu arutelu, r\u00fchmat\u00f6\u00f6, \u00fcksteiselt \u00f5ppimine, rollim\u00e4ngud, k\u00fcsimustikud jt. Koolituse tulemuslikkusele aitab kaasa vaheldusrikkus sisaldades loovust ja m\u00e4ngulisust ergutavaid elemente. \u00d5ppimist soodustavas keskkonnas on v\u00f5imalus tavap\u00e4rasest rutiinist v\u00e4lja l\u00fclituda ja keskenduda uute teadmiste omandamisele ning kompetentside arendamisele nii f\u00fc\u00fcsilises kui sotsiaalses m\u00f5ttes nauditavas keskkonnas (nt koolitaja kodus).<br \/>\nKoolitustel kasutame uuemaid turunduse t\u00f6\u00f6riistu ja vahendeid, nt empaatiakaart, elamusp\u00fcramiid, v\u00e4\u00e4rtuspakkumise l\u00f5uend, SOAR-anal\u00fc\u00fcs jt.<\/p>\n<p><strong>Koht<\/strong>: koolitus toimub grupis (ca 10 osalejat) kas ettev\u00f5ttes kohapeal, renditud ruumides v\u00f5i koolitaja kodus. <strong>Aeg<\/strong>: 8 akadeemilist tundi. Koolitust on v\u00f5imalik tellida osadena, nt kaks poolikut p\u00e4eva 2&#215;4 h.<\/p>\n<p><span style=\"color: #f26522;\"><strong>Alustavale ettev\u00f5tjale<\/strong><\/span>: tule osale meie korraldataval ettev\u00f5tluskoolitusel, mille k\u00e4igus koostame Sinu ettev\u00f5ttele reaalse \u00e4riplaani.<br \/>\nPakume praktilist \u00e4riplaani koostamise kursust koos p\u00f5hjaliku turundusosaga (nt \u00c4riplaani koostamine ja turundus). Grupis v\u00f5iks olla max 10 inimest ja koolitus toimuda koolitaja kodus, kus on k\u00f5ik vajalikud tingimused ning v\u00f5imalus teha r\u00fchmat\u00f6\u00f6d. Pakume ka \u00e4riplaani hindamise teenust v\u00f5i plaani hindamist turunduslikust aspektist.<\/p>\n<\/div><div class=\"fusion-clearfix\"><\/div><\/div><\/div><\/div><\/div><div class=\"fusion-fullwidth fullwidth-box fusion-builder-row-2 nonhundred-percent-fullwidth non-hundred-percent-height-scrolling\" style=\"--awb-border-radius-top-left:0px;--awb-border-radius-top-right:0px;--awb-border-radius-bottom-right:0px;--awb-border-radius-bottom-left:0px;--awb-padding-top:20px;--awb-padding-bottom:20px;--awb-background-color:#f26522;--awb-flex-wrap:wrap;\" ><div class=\"fusion-builder-row fusion-row\"><div class=\"fusion-layout-column fusion_builder_column fusion-builder-column-1 fusion_builder_column_1_1 1_1 fusion-one-full fusion-column-first fusion-column-last\" style=\"--awb-bg-size:cover;\"><div class=\"fusion-column-wrapper fusion-flex-column-wrapper-legacy\"><div class=\"fusion-aligncenter\"><a class=\"fusion-button button-flat fusion-button-default-size button-custom fusion-button-default button-1 fusion-button-default-span fusion-button-default-type\" style=\"--button_accent_color:#1f1f27;--button_accent_hover_color:#ffffff;--button_border_hover_color:#ffffff;--button_gradient_top_color:#ffffff;--button_gradient_bottom_color:#ffffff;--button_gradient_top_color_hover:#f26522;--button_gradient_bottom_color_hover:#f26522;\" target=\"_self\" href=\"https:\/\/marketinghubs.ee\/kontakt\/#kontakt\"><i class=\" fa fa-play button-icon-left\" aria-hidden=\"true\"><\/i><span class=\"fusion-button-text\">V\u00f5ta \u00fchendust!<\/span><\/a><\/div><div class=\"fusion-clearfix\"><\/div><\/div><\/div><\/div><\/div><\/p>\n","protected":false},"excerpt":{"rendered":"","protected":false},"author":1,"featured_media":0,"parent":12803,"menu_order":1,"comment_status":"closed","ping_status":"closed","template":"100-width.php","meta":{"footnotes":""},"class_list":["post-12805","page","type-page","status-publish","hentry"],"yoast_head":"<!-- This site is optimized with the Yoast SEO plugin v23.4 - https:\/\/yoast.com\/wordpress\/plugins\/seo\/ -->\n<title>Koolitused - Marketing HUB-S<\/title>\n<meta name=\"robots\" content=\"index, follow, max-snippet:-1, max-image-preview:large, max-video-preview:-1\" \/>\n<link rel=\"canonical\" href=\"https:\/\/marketinghubs.ee\/teenused\/koolitused\/\" \/>\n<meta property=\"og:locale\" content=\"en_US\" \/>\n<meta property=\"og:type\" content=\"article\" \/>\n<meta property=\"og:title\" content=\"Koolitused - Marketing HUB-S\" \/>\n<meta property=\"og:url\" content=\"https:\/\/marketinghubs.ee\/teenused\/koolitused\/\" \/>\n<meta property=\"og:site_name\" content=\"Marketing HUB-S\" \/>\n<meta property=\"article:modified_time\" content=\"2017-09-18T15:20:37+00:00\" \/>\n<meta name=\"twitter:card\" content=\"summary_large_image\" \/>\n<meta name=\"twitter:label1\" content=\"Est. reading time\" \/>\n\t<meta name=\"twitter:data1\" content=\"4 minutes\" \/>\n<script type=\"application\/ld+json\" class=\"yoast-schema-graph\">{\"@context\":\"https:\/\/schema.org\",\"@graph\":[{\"@type\":\"WebPage\",\"@id\":\"https:\/\/marketinghubs.ee\/teenused\/koolitused\/\",\"url\":\"https:\/\/marketinghubs.ee\/teenused\/koolitused\/\",\"name\":\"Koolitused - Marketing HUB-S\",\"isPartOf\":{\"@id\":\"https:\/\/marketinghubs.ee\/#website\"},\"datePublished\":\"2017-09-12T15:55:04+00:00\",\"dateModified\":\"2017-09-18T15:20:37+00:00\",\"breadcrumb\":{\"@id\":\"https:\/\/marketinghubs.ee\/teenused\/koolitused\/#breadcrumb\"},\"inLanguage\":\"en-US\",\"potentialAction\":[{\"@type\":\"ReadAction\",\"target\":[\"https:\/\/marketinghubs.ee\/teenused\/koolitused\/\"]}]},{\"@type\":\"BreadcrumbList\",\"@id\":\"https:\/\/marketinghubs.ee\/teenused\/koolitused\/#breadcrumb\",\"itemListElement\":[{\"@type\":\"ListItem\",\"position\":1,\"name\":\"Home\",\"item\":\"https:\/\/marketinghubs.ee\/en\/\"},{\"@type\":\"ListItem\",\"position\":2,\"name\":\"Services\",\"item\":\"https:\/\/marketinghubs.ee\/teenused\/\"},{\"@type\":\"ListItem\",\"position\":3,\"name\":\"Koolitused\"}]},{\"@type\":\"WebSite\",\"@id\":\"https:\/\/marketinghubs.ee\/#website\",\"url\":\"https:\/\/marketinghubs.ee\/\",\"name\":\"Marketing HUB-S\",\"description\":\"Sinu turundusmentor ja partner\",\"potentialAction\":[{\"@type\":\"SearchAction\",\"target\":{\"@type\":\"EntryPoint\",\"urlTemplate\":\"https:\/\/marketinghubs.ee\/?s={search_term_string}\"},\"query-input\":{\"@type\":\"PropertyValueSpecification\",\"valueRequired\":true,\"valueName\":\"search_term_string\"}}],\"inLanguage\":\"en-US\"}]}<\/script>\n<!-- \/ Yoast SEO plugin. -->","yoast_head_json":{"title":"Koolitused - Marketing HUB-S","robots":{"index":"index","follow":"follow","max-snippet":"max-snippet:-1","max-image-preview":"max-image-preview:large","max-video-preview":"max-video-preview:-1"},"canonical":"https:\/\/marketinghubs.ee\/teenused\/koolitused\/","og_locale":"en_US","og_type":"article","og_title":"Koolitused - Marketing HUB-S","og_url":"https:\/\/marketinghubs.ee\/teenused\/koolitused\/","og_site_name":"Marketing HUB-S","article_modified_time":"2017-09-18T15:20:37+00:00","twitter_card":"summary_large_image","twitter_misc":{"Est. reading time":"4 minutes"},"schema":{"@context":"https:\/\/schema.org","@graph":[{"@type":"WebPage","@id":"https:\/\/marketinghubs.ee\/teenused\/koolitused\/","url":"https:\/\/marketinghubs.ee\/teenused\/koolitused\/","name":"Koolitused - Marketing HUB-S","isPartOf":{"@id":"https:\/\/marketinghubs.ee\/#website"},"datePublished":"2017-09-12T15:55:04+00:00","dateModified":"2017-09-18T15:20:37+00:00","breadcrumb":{"@id":"https:\/\/marketinghubs.ee\/teenused\/koolitused\/#breadcrumb"},"inLanguage":"en-US","potentialAction":[{"@type":"ReadAction","target":["https:\/\/marketinghubs.ee\/teenused\/koolitused\/"]}]},{"@type":"BreadcrumbList","@id":"https:\/\/marketinghubs.ee\/teenused\/koolitused\/#breadcrumb","itemListElement":[{"@type":"ListItem","position":1,"name":"Home","item":"https:\/\/marketinghubs.ee\/en\/"},{"@type":"ListItem","position":2,"name":"Services","item":"https:\/\/marketinghubs.ee\/teenused\/"},{"@type":"ListItem","position":3,"name":"Koolitused"}]},{"@type":"WebSite","@id":"https:\/\/marketinghubs.ee\/#website","url":"https:\/\/marketinghubs.ee\/","name":"Marketing HUB-S","description":"Sinu turundusmentor ja partner","potentialAction":[{"@type":"SearchAction","target":{"@type":"EntryPoint","urlTemplate":"https:\/\/marketinghubs.ee\/?s={search_term_string}"},"query-input":{"@type":"PropertyValueSpecification","valueRequired":true,"valueName":"search_term_string"}}],"inLanguage":"en-US"}]}},"_links":{"self":[{"href":"https:\/\/marketinghubs.ee\/en\/wp-json\/wp\/v2\/pages\/12805"}],"collection":[{"href":"https:\/\/marketinghubs.ee\/en\/wp-json\/wp\/v2\/pages"}],"about":[{"href":"https:\/\/marketinghubs.ee\/en\/wp-json\/wp\/v2\/types\/page"}],"author":[{"embeddable":true,"href":"https:\/\/marketinghubs.ee\/en\/wp-json\/wp\/v2\/users\/1"}],"replies":[{"embeddable":true,"href":"https:\/\/marketinghubs.ee\/en\/wp-json\/wp\/v2\/comments?post=12805"}],"version-history":[{"count":2,"href":"https:\/\/marketinghubs.ee\/en\/wp-json\/wp\/v2\/pages\/12805\/revisions"}],"predecessor-version":[{"id":12828,"href":"https:\/\/marketinghubs.ee\/en\/wp-json\/wp\/v2\/pages\/12805\/revisions\/12828"}],"up":[{"embeddable":true,"href":"https:\/\/marketinghubs.ee\/en\/wp-json\/wp\/v2\/pages\/12803"}],"wp:attachment":[{"href":"https:\/\/marketinghubs.ee\/en\/wp-json\/wp\/v2\/media?parent=12805"}],"curies":[{"name":"wp","href":"https:\/\/api.w.org\/{rel}","templated":true}]}}