{"id":12814,"date":"2017-09-12T15:55:51","date_gmt":"2017-09-12T15:55:51","guid":{"rendered":"http:\/\/marketinghubs.ee\/teenused\/mentorlus\/"},"modified":"2017-09-18T15:22:04","modified_gmt":"2017-09-18T15:22:04","slug":"mentorlus","status":"publish","type":"page","link":"https:\/\/marketinghubs.ee\/en\/teenused\/mentorlus\/","title":{"rendered":"Mentorlus"},"content":{"rendered":"<p><div class=\"fusion-fullwidth fullwidth-box fusion-builder-row-1 nonhundred-percent-fullwidth non-hundred-percent-height-scrolling\" style=\"--awb-border-radius-top-left:0px;--awb-border-radius-top-right:0px;--awb-border-radius-bottom-right:0px;--awb-border-radius-bottom-left:0px;--awb-flex-wrap:wrap;\" ><div class=\"fusion-builder-row fusion-row\"><div class=\"fusion-layout-column fusion_builder_column fusion-builder-column-0 fusion_builder_column_1_1 1_1 fusion-one-full fusion-column-first fusion-column-last\" style=\"--awb-bg-size:cover;\"><div class=\"fusion-column-wrapper fusion-flex-column-wrapper-legacy\"><div class=\"fusion-text fusion-text-1\"><p><strong><span style=\"color: #f26522;\">Mentorlus<\/span> <\/strong>on oma olemuselt kogemuste vahetamine, kus oma valdkonnas vilunud ekspert toetab v\u00e4hem kogenud turundaja v\u00f5i alustava ettev\u00f5tja arengut. Mentori \u00fclesandeks on olla oma mentee jaoks kokkuleppeliselt olemas, suunata teda k\u00fcsimuste esitamise v\u00f5i abi andmise kaudu parimate lahenduste juurde. Eesm\u00e4rk on turundusasjades kogenud ja tipptasemel turundajate (nt endiste juhtide) teadmiste \u00e4rakasutamine mingi konkreetse \u00fclesande lahendamiseks v\u00f5i turundajate arendamiseks. Mentorlusprogramm on suunatud spetsiifilise ja k\u00f5rget professionaalsust eeldava arenguvajaduse v\u00f5i -probleemi lahendamisele ning liigitub olemuselt meetodite hulka, kus toimub \u00f5ppimine t\u00f6\u00f6tamise v\u00f5i tegevuse k\u00e4igus (<em>learning by doing<\/em>).<\/p>\n<p>Koost\u00f6\u00f6 toimub t\u00f6\u00f6kesksete n\u00f5ustamisvestluste vormis mentoriga kokkulepitud regulaarsusega. Koos seatakse eesm\u00e4rgid, arutatakse l\u00e4bi nii \u00fcksikasjad kui tegevussuunad, s\u00f5lmitakse kokkulepped ning vajadusel konsulteeritakse teiste konsultantidega, et panna paika teed ja vahendid, kuidas tulevikus asju paremini v\u00f5i efektiivsemalt teha.<br \/>\nKonsultatsioonidele v\u00f5i mentorlusele v\u00f5ib lisanduda individuaal\u00f5pe.<\/p>\n<p><span style=\"color: #f26522;\"><strong>Juhile<\/strong><\/span>: Kas Su turundusinimene tubli ja tahad teda motiveerida? Miks mitte oma turundusjuhile ajutiselt palgata coach v\u00f5i mentor? Ta on v\u00e4\u00e4rt coach\u2019i, kaasam\u00f5tlejat, kes aitab tal leida sisemist potentsiaali v\u00f5i mentorit, kes aitaks leida uusi turunduslahendusi. V\u00f5idate m\u00f5lemad!<\/p>\n<p><span style=\"color: #f26522;\"><strong>Turundajale<\/strong><\/span>: Kas vajad enda k\u00f5rvale n\u00f5uandjat, kes aitab sul asju teise nurga alt n\u00e4ha, kes aitab sihte seada, kes aitab n\u00e4ha teisi v\u00f5imalusi ja perspektiive? Kas tunned, et on vaja kellegagi r\u00e4\u00e4kida; inimesega, kes saab asjadest aru ning aitab sind tekkinud \u201en\u00f5iaringist\u201c v\u00e4lja? Inimest, kellega jutt on t\u00e4ielikult konfidentsiaalne ja kes m\u00f5tleb sinuga kaasa ning aitab su arengule kaasa.<\/p>\n<\/div><div class=\"fusion-clearfix\"><\/div><\/div><\/div><\/div><\/div><div class=\"fusion-fullwidth fullwidth-box fusion-builder-row-2 nonhundred-percent-fullwidth non-hundred-percent-height-scrolling\" style=\"--awb-border-radius-top-left:0px;--awb-border-radius-top-right:0px;--awb-border-radius-bottom-right:0px;--awb-border-radius-bottom-left:0px;--awb-padding-top:20px;--awb-padding-bottom:20px;--awb-background-color:#f26522;--awb-flex-wrap:wrap;\" ><div class=\"fusion-builder-row fusion-row\"><div class=\"fusion-layout-column fusion_builder_column fusion-builder-column-1 fusion_builder_column_1_1 1_1 fusion-one-full fusion-column-first fusion-column-last\" style=\"--awb-bg-size:cover;\"><div class=\"fusion-column-wrapper fusion-flex-column-wrapper-legacy\"><div class=\"fusion-aligncenter\"><a class=\"fusion-button button-flat fusion-button-default-size button-custom fusion-button-default button-1 fusion-button-default-span fusion-button-default-type\" style=\"--button_accent_color:#1f1f27;--button_accent_hover_color:#ffffff;--button_border_hover_color:#ffffff;--button_gradient_top_color:#ffffff;--button_gradient_bottom_color:#ffffff;--button_gradient_top_color_hover:#f26522;--button_gradient_bottom_color_hover:#f26522;\" target=\"_self\" href=\"https:\/\/marketinghubs.ee\/kontakt\/#kontakt\"><i class=\" fa fa-play button-icon-left\" aria-hidden=\"true\"><\/i><span class=\"fusion-button-text\">V\u00f5ta \u00fchendust!<\/span><\/a><\/div><div class=\"fusion-clearfix\"><\/div><\/div><\/div><\/div><\/div><\/p>\n","protected":false},"excerpt":{"rendered":"","protected":false},"author":1,"featured_media":0,"parent":12803,"menu_order":3,"comment_status":"closed","ping_status":"closed","template":"100-width.php","meta":{"footnotes":""},"class_list":["post-12814","page","type-page","status-publish","hentry"],"yoast_head":"<!-- This site is optimized with the Yoast SEO plugin v23.4 - https:\/\/yoast.com\/wordpress\/plugins\/seo\/ -->\n<title>Mentorlus - Marketing HUB-S<\/title>\n<meta name=\"robots\" content=\"index, follow, max-snippet:-1, max-image-preview:large, max-video-preview:-1\" \/>\n<link rel=\"canonical\" href=\"https:\/\/marketinghubs.ee\/teenused\/mentorlus\/\" \/>\n<meta property=\"og:locale\" content=\"en_US\" \/>\n<meta property=\"og:type\" content=\"article\" \/>\n<meta property=\"og:title\" content=\"Mentorlus - Marketing HUB-S\" \/>\n<meta property=\"og:url\" content=\"https:\/\/marketinghubs.ee\/teenused\/mentorlus\/\" \/>\n<meta property=\"og:site_name\" content=\"Marketing HUB-S\" \/>\n<meta property=\"article:modified_time\" content=\"2017-09-18T15:22:04+00:00\" \/>\n<meta name=\"twitter:card\" content=\"summary_large_image\" \/>\n<meta name=\"twitter:label1\" content=\"Est. reading time\" \/>\n\t<meta name=\"twitter:data1\" content=\"3 minutes\" \/>\n<script type=\"application\/ld+json\" class=\"yoast-schema-graph\">{\"@context\":\"https:\/\/schema.org\",\"@graph\":[{\"@type\":\"WebPage\",\"@id\":\"https:\/\/marketinghubs.ee\/teenused\/mentorlus\/\",\"url\":\"https:\/\/marketinghubs.ee\/teenused\/mentorlus\/\",\"name\":\"Mentorlus - Marketing HUB-S\",\"isPartOf\":{\"@id\":\"https:\/\/marketinghubs.ee\/#website\"},\"datePublished\":\"2017-09-12T15:55:51+00:00\",\"dateModified\":\"2017-09-18T15:22:04+00:00\",\"breadcrumb\":{\"@id\":\"https:\/\/marketinghubs.ee\/teenused\/mentorlus\/#breadcrumb\"},\"inLanguage\":\"en-US\",\"potentialAction\":[{\"@type\":\"ReadAction\",\"target\":[\"https:\/\/marketinghubs.ee\/teenused\/mentorlus\/\"]}]},{\"@type\":\"BreadcrumbList\",\"@id\":\"https:\/\/marketinghubs.ee\/teenused\/mentorlus\/#breadcrumb\",\"itemListElement\":[{\"@type\":\"ListItem\",\"position\":1,\"name\":\"Home\",\"item\":\"https:\/\/marketinghubs.ee\/en\/\"},{\"@type\":\"ListItem\",\"position\":2,\"name\":\"Services\",\"item\":\"https:\/\/marketinghubs.ee\/teenused\/\"},{\"@type\":\"ListItem\",\"position\":3,\"name\":\"Mentorlus\"}]},{\"@type\":\"WebSite\",\"@id\":\"https:\/\/marketinghubs.ee\/#website\",\"url\":\"https:\/\/marketinghubs.ee\/\",\"name\":\"Marketing HUB-S\",\"description\":\"Sinu turundusmentor ja partner\",\"potentialAction\":[{\"@type\":\"SearchAction\",\"target\":{\"@type\":\"EntryPoint\",\"urlTemplate\":\"https:\/\/marketinghubs.ee\/?s={search_term_string}\"},\"query-input\":{\"@type\":\"PropertyValueSpecification\",\"valueRequired\":true,\"valueName\":\"search_term_string\"}}],\"inLanguage\":\"en-US\"}]}<\/script>\n<!-- \/ Yoast SEO plugin. -->","yoast_head_json":{"title":"Mentorlus - Marketing HUB-S","robots":{"index":"index","follow":"follow","max-snippet":"max-snippet:-1","max-image-preview":"max-image-preview:large","max-video-preview":"max-video-preview:-1"},"canonical":"https:\/\/marketinghubs.ee\/teenused\/mentorlus\/","og_locale":"en_US","og_type":"article","og_title":"Mentorlus - Marketing HUB-S","og_url":"https:\/\/marketinghubs.ee\/teenused\/mentorlus\/","og_site_name":"Marketing HUB-S","article_modified_time":"2017-09-18T15:22:04+00:00","twitter_card":"summary_large_image","twitter_misc":{"Est. reading time":"3 minutes"},"schema":{"@context":"https:\/\/schema.org","@graph":[{"@type":"WebPage","@id":"https:\/\/marketinghubs.ee\/teenused\/mentorlus\/","url":"https:\/\/marketinghubs.ee\/teenused\/mentorlus\/","name":"Mentorlus - Marketing HUB-S","isPartOf":{"@id":"https:\/\/marketinghubs.ee\/#website"},"datePublished":"2017-09-12T15:55:51+00:00","dateModified":"2017-09-18T15:22:04+00:00","breadcrumb":{"@id":"https:\/\/marketinghubs.ee\/teenused\/mentorlus\/#breadcrumb"},"inLanguage":"en-US","potentialAction":[{"@type":"ReadAction","target":["https:\/\/marketinghubs.ee\/teenused\/mentorlus\/"]}]},{"@type":"BreadcrumbList","@id":"https:\/\/marketinghubs.ee\/teenused\/mentorlus\/#breadcrumb","itemListElement":[{"@type":"ListItem","position":1,"name":"Home","item":"https:\/\/marketinghubs.ee\/en\/"},{"@type":"ListItem","position":2,"name":"Services","item":"https:\/\/marketinghubs.ee\/teenused\/"},{"@type":"ListItem","position":3,"name":"Mentorlus"}]},{"@type":"WebSite","@id":"https:\/\/marketinghubs.ee\/#website","url":"https:\/\/marketinghubs.ee\/","name":"Marketing HUB-S","description":"Sinu turundusmentor ja partner","potentialAction":[{"@type":"SearchAction","target":{"@type":"EntryPoint","urlTemplate":"https:\/\/marketinghubs.ee\/?s={search_term_string}"},"query-input":{"@type":"PropertyValueSpecification","valueRequired":true,"valueName":"search_term_string"}}],"inLanguage":"en-US"}]}},"_links":{"self":[{"href":"https:\/\/marketinghubs.ee\/en\/wp-json\/wp\/v2\/pages\/12814"}],"collection":[{"href":"https:\/\/marketinghubs.ee\/en\/wp-json\/wp\/v2\/pages"}],"about":[{"href":"https:\/\/marketinghubs.ee\/en\/wp-json\/wp\/v2\/types\/page"}],"author":[{"embeddable":true,"href":"https:\/\/marketinghubs.ee\/en\/wp-json\/wp\/v2\/users\/1"}],"replies":[{"embeddable":true,"href":"https:\/\/marketinghubs.ee\/en\/wp-json\/wp\/v2\/comments?post=12814"}],"version-history":[{"count":1,"href":"https:\/\/marketinghubs.ee\/en\/wp-json\/wp\/v2\/pages\/12814\/revisions"}],"predecessor-version":[{"id":12841,"href":"https:\/\/marketinghubs.ee\/en\/wp-json\/wp\/v2\/pages\/12814\/revisions\/12841"}],"up":[{"embeddable":true,"href":"https:\/\/marketinghubs.ee\/en\/wp-json\/wp\/v2\/pages\/12803"}],"wp:attachment":[{"href":"https:\/\/marketinghubs.ee\/en\/wp-json\/wp\/v2\/media?parent=12814"}],"curies":[{"name":"wp","href":"https:\/\/api.w.org\/{rel}","templated":true}]}}