{"id":12816,"date":"2017-09-12T15:56:34","date_gmt":"2017-09-12T15:56:34","guid":{"rendered":"http:\/\/marketinghubs.ee\/teenused\/loputoode-juhendamine-ja-uuringud\/"},"modified":"2017-09-18T15:23:44","modified_gmt":"2017-09-18T15:23:44","slug":"loputoode-juhendamine-ja-uuringud","status":"publish","type":"page","link":"https:\/\/marketinghubs.ee\/en\/teenused\/loputoode-juhendamine-ja-uuringud\/","title":{"rendered":"L\u00f5put\u00f6\u00f6de juhendamine ja uuringud"},"content":{"rendered":"<p><div class=\"fusion-fullwidth fullwidth-box fusion-builder-row-1 nonhundred-percent-fullwidth non-hundred-percent-height-scrolling\" style=\"--awb-border-radius-top-left:0px;--awb-border-radius-top-right:0px;--awb-border-radius-bottom-right:0px;--awb-border-radius-bottom-left:0px;--awb-flex-wrap:wrap;\" ><div class=\"fusion-builder-row fusion-row\"><div class=\"fusion-layout-column fusion_builder_column fusion-builder-column-0 fusion_builder_column_1_1 1_1 fusion-one-full fusion-column-first fusion-column-last\" style=\"--awb-bg-size:cover;\"><div class=\"fusion-column-wrapper fusion-flex-column-wrapper-legacy\"><div class=\"fusion-text fusion-text-1\"><p><span style=\"color: #f26522;\"><strong>L\u00f5put\u00f6\u00f6 juhendamine ja uuringud<\/strong><\/span> ehk konsultatsioonid\/n\u00f5ustamine, mille k\u00e4igus aidatakse koostada bakalaureuse- v\u00f5i magistrit\u00f6\u00f6, koolitused magistrit\u00f6\u00f6de koostamisest v\u00f5i t\u00f6\u00f6de kaasjuhendamine turundajale ja juhile, kes vastutab turunduse eest. Samuti kuuluvad siia alla abi ja n\u00f5uanded nt uuringute l\u00e4biviimise, l\u00f5put\u00f6\u00f6 ingliskeelse kokkuv\u00f5tte koostamise jmt osas. Siia v\u00f5ivad kuuluda ka koolitused v\u00f5i n\u00f5ustamine t\u00f6\u00f6tutele.<\/p>\n<\/div><div class=\"fusion-clearfix\"><\/div><\/div><\/div><\/div><\/div><div class=\"fusion-fullwidth fullwidth-box fusion-builder-row-2 nonhundred-percent-fullwidth non-hundred-percent-height-scrolling\" style=\"--awb-border-radius-top-left:0px;--awb-border-radius-top-right:0px;--awb-border-radius-bottom-right:0px;--awb-border-radius-bottom-left:0px;--awb-margin-top:20px;--awb-background-color:#a0ce4e;--awb-flex-wrap:wrap;\" ><div class=\"fusion-builder-row fusion-row\"><div class=\"fusion-layout-column fusion_builder_column fusion-builder-column-1 fusion_builder_column_1_1 1_1 fusion-one-full fusion-column-first fusion-column-last\" style=\"--awb-bg-size:cover;\"><div class=\"fusion-column-wrapper fusion-flex-column-wrapper-legacy\"><div class=\"fusion-text fusion-text-2\"><h4 style=\"text-align: center;\"><span style=\"color: #ffffff;\"><strong>Kuidas aitame?<\/strong><\/span><\/h4>\n<\/div><div class=\"fusion-clearfix\"><\/div><\/div><\/div><\/div><\/div><div class=\"fusion-fullwidth fullwidth-box fusion-builder-row-3 nonhundred-percent-fullwidth non-hundred-percent-height-scrolling\" style=\"--awb-border-radius-top-left:0px;--awb-border-radius-top-right:0px;--awb-border-radius-bottom-right:0px;--awb-border-radius-bottom-left:0px;--awb-background-color:#a0ce4e;--awb-flex-wrap:wrap;\" ><div class=\"fusion-builder-row fusion-row\"><div class=\"fusion-layout-column fusion_builder_column fusion-builder-column-2 fusion_builder_column_1_1 1_1 fusion-one-full fusion-column-first fusion-column-last\" style=\"--awb-bg-size:cover;\"><div class=\"fusion-column-wrapper fusion-flex-column-wrapper-legacy\"><div class=\"fusion-section-separator section-separator triangle fusion-section-separator-1\" style=\"--awb-border-bottom:1px solid #a0ce4e;--awb-spacer-height:1px;--awb-svg-margin-left:0;--awb-svg-margin-right:0;--awb-icon-color:#7da7fa;\"><div class=\"fusion-section-separator-svg\"><div class=\"divider-candy-arrow bottom\" style=\"top:0px;border-top-color: #a0ce4e;\"><\/div><div class=\"divider-candy bottom\" style=\"bottom:-21px;border-bottom:1px solid #a0ce4e;border-left:1px solid #a0ce4e;\"><\/div><\/div><div class=\"fusion-section-separator-spacer\"><div class=\"fusion-section-separator-spacer-height\"><\/div><\/div><\/div><div class=\"fusion-clearfix\"><\/div><\/div><\/div><\/div><\/div><div class=\"fusion-fullwidth fullwidth-box fusion-builder-row-4 nonhundred-percent-fullwidth non-hundred-percent-height-scrolling\" style=\"--awb-border-radius-top-left:0px;--awb-border-radius-top-right:0px;--awb-border-radius-bottom-right:0px;--awb-border-radius-bottom-left:0px;--awb-flex-wrap:wrap;\" ><div class=\"fusion-builder-row fusion-row\"><div class=\"fusion-layout-column fusion_builder_column fusion-builder-column-3 fusion_builder_column_1_1 1_1 fusion-one-full fusion-column-first fusion-column-last\" style=\"--awb-bg-size:cover;\"><div class=\"fusion-column-wrapper fusion-flex-column-wrapper-legacy\"><div class=\"fusion-sep-clear\"><\/div><div class=\"fusion-separator fusion-full-width-sep\" style=\"margin-left: auto;margin-right: auto;margin-top:30px;width:100%;\"><\/div><div class=\"fusion-sep-clear\"><\/div><div class=\"fusion-clearfix\"><\/div><\/div><\/div><\/div><\/div><div class=\"fusion-fullwidth fullwidth-box fusion-builder-row-5 nonhundred-percent-fullwidth non-hundred-percent-height-scrolling\" style=\"--awb-border-radius-top-left:0px;--awb-border-radius-top-right:0px;--awb-border-radius-bottom-right:0px;--awb-border-radius-bottom-left:0px;--awb-flex-wrap:wrap;\" ><div class=\"fusion-builder-row fusion-row\"><div class=\"fusion-layout-column fusion_builder_column fusion-builder-column-4 fusion_builder_column_1_1 1_1 fusion-one-full fusion-column-first fusion-column-last\" style=\"--awb-bg-size:cover;\"><div class=\"fusion-column-wrapper fusion-flex-column-wrapper-legacy\"><div class=\"fusion-text fusion-text-3\"><p><strong>L\u00f5put\u00f6\u00f6 juhendamine<\/strong>: 1. Tudeng\/klient p\u00f6\u00f6rdub abi saamiseks ettev\u00f5tte poole. 2. Toimub kohtumine, mille k\u00e4igus selgitatakse v\u00e4lja kliendi vajadused ja s\u00f5lmitakse kokkulepped t\u00f6\u00f6 osas. 3. Klient esitab oma l\u00f5put\u00f6\u00f6 mustandi. 4. Tagasiside ja parandusettepanekute saatmine. 5. Uus kohtumine, juhiste andmine. 6. Uus t\u00f6\u00f6 lugemine ja tagasisidestamine. 7. Vajadusel t\u00f6\u00f6 \u00fclevaatus enne esitamist v\u00f5i abi ingliskeelse kokkuv\u00f5tte tegemisel. 8. Peale t\u00f6\u00f6 teostamist k\u00fcsitakse soovitust ja tagasisidet, et teenust parendada.<br \/>\nV\u00f5ime pakkuda ka l\u00f5put\u00f6\u00f6 koostamise koolitust.<\/p>\n<p><strong>Uuringud<\/strong>. Aitame kaasa uuringuk\u00fcsimustiku koostamisele, pakume lahendusi uuringu l\u00e4biviimiseks ja kui tegemist on mahukama uuringuga aitame leida sobiva uuringupartneri.<\/p>\n<\/div><div class=\"fusion-clearfix\"><\/div><\/div><\/div><\/div><\/div><div class=\"fusion-fullwidth fullwidth-box fusion-builder-row-6 nonhundred-percent-fullwidth non-hundred-percent-height-scrolling\" style=\"--awb-border-radius-top-left:0px;--awb-border-radius-top-right:0px;--awb-border-radius-bottom-right:0px;--awb-border-radius-bottom-left:0px;--awb-padding-top:20px;--awb-padding-bottom:20px;--awb-background-color:#f26522;--awb-flex-wrap:wrap;\" ><div class=\"fusion-builder-row fusion-row\"><div class=\"fusion-layout-column fusion_builder_column fusion-builder-column-5 fusion_builder_column_1_1 1_1 fusion-one-full fusion-column-first fusion-column-last\" style=\"--awb-bg-size:cover;\"><div class=\"fusion-column-wrapper fusion-flex-column-wrapper-legacy\"><div class=\"fusion-aligncenter\"><a class=\"fusion-button button-flat fusion-button-default-size button-custom fusion-button-default button-1 fusion-button-default-span fusion-button-default-type\" style=\"--button_accent_color:#1f1f27;--button_accent_hover_color:#ffffff;--button_border_hover_color:#ffffff;--button_gradient_top_color:#ffffff;--button_gradient_bottom_color:#ffffff;--button_gradient_top_color_hover:#f26522;--button_gradient_bottom_color_hover:#f26522;\" target=\"_self\" href=\"https:\/\/marketinghubs.ee\/kontakt\/#kontakt\"><i class=\" fa fa-play button-icon-left\" aria-hidden=\"true\"><\/i><span class=\"fusion-button-text\">V\u00f5ta \u00fchendust!<\/span><\/a><\/div><div class=\"fusion-clearfix\"><\/div><\/div><\/div><\/div><\/div><\/p>\n","protected":false},"excerpt":{"rendered":"","protected":false},"author":1,"featured_media":0,"parent":12803,"menu_order":4,"comment_status":"closed","ping_status":"closed","template":"100-width.php","meta":{"footnotes":""},"class_list":["post-12816","page","type-page","status-publish","hentry"],"yoast_head":"<!-- This site is optimized with the Yoast SEO plugin v23.4 - https:\/\/yoast.com\/wordpress\/plugins\/seo\/ -->\n<title>L\u00f5put\u00f6\u00f6de juhendamine ja uuringud - Marketing HUB-S<\/title>\n<meta name=\"robots\" content=\"index, follow, max-snippet:-1, max-image-preview:large, max-video-preview:-1\" \/>\n<link rel=\"canonical\" href=\"https:\/\/marketinghubs.ee\/teenused\/loputoo-juhendamine-ja-uuringud\/\" \/>\n<meta property=\"og:locale\" content=\"en_US\" \/>\n<meta property=\"og:type\" content=\"article\" \/>\n<meta property=\"og:title\" content=\"L\u00f5put\u00f6\u00f6de juhendamine ja uuringud - Marketing HUB-S\" \/>\n<meta property=\"og:url\" content=\"https:\/\/marketinghubs.ee\/teenused\/loputoo-juhendamine-ja-uuringud\/\" \/>\n<meta property=\"og:site_name\" content=\"Marketing HUB-S\" \/>\n<meta property=\"article:modified_time\" content=\"2017-09-18T15:23:44+00:00\" \/>\n<meta name=\"twitter:card\" content=\"summary_large_image\" \/>\n<meta name=\"twitter:label1\" content=\"Est. reading time\" \/>\n\t<meta name=\"twitter:data1\" content=\"6 minutes\" \/>\n<script type=\"application\/ld+json\" class=\"yoast-schema-graph\">{\"@context\":\"https:\/\/schema.org\",\"@graph\":[{\"@type\":\"WebPage\",\"@id\":\"https:\/\/marketinghubs.ee\/teenused\/loputoo-juhendamine-ja-uuringud\/\",\"url\":\"https:\/\/marketinghubs.ee\/teenused\/loputoo-juhendamine-ja-uuringud\/\",\"name\":\"L\u00f5put\u00f6\u00f6de juhendamine ja uuringud - Marketing HUB-S\",\"isPartOf\":{\"@id\":\"https:\/\/marketinghubs.ee\/#website\"},\"datePublished\":\"2017-09-12T15:56:34+00:00\",\"dateModified\":\"2017-09-18T15:23:44+00:00\",\"breadcrumb\":{\"@id\":\"https:\/\/marketinghubs.ee\/teenused\/loputoo-juhendamine-ja-uuringud\/#breadcrumb\"},\"inLanguage\":\"en-US\",\"potentialAction\":[{\"@type\":\"ReadAction\",\"target\":[\"https:\/\/marketinghubs.ee\/teenused\/loputoo-juhendamine-ja-uuringud\/\"]}]},{\"@type\":\"BreadcrumbList\",\"@id\":\"https:\/\/marketinghubs.ee\/teenused\/loputoo-juhendamine-ja-uuringud\/#breadcrumb\",\"itemListElement\":[{\"@type\":\"ListItem\",\"position\":1,\"name\":\"Home\",\"item\":\"https:\/\/marketinghubs.ee\/en\/\"},{\"@type\":\"ListItem\",\"position\":2,\"name\":\"Services\",\"item\":\"https:\/\/marketinghubs.ee\/teenused\/\"},{\"@type\":\"ListItem\",\"position\":3,\"name\":\"L\u00f5put\u00f6\u00f6de juhendamine ja uuringud\"}]},{\"@type\":\"WebSite\",\"@id\":\"https:\/\/marketinghubs.ee\/#website\",\"url\":\"https:\/\/marketinghubs.ee\/\",\"name\":\"Marketing HUB-S\",\"description\":\"Sinu turundusmentor ja partner\",\"potentialAction\":[{\"@type\":\"SearchAction\",\"target\":{\"@type\":\"EntryPoint\",\"urlTemplate\":\"https:\/\/marketinghubs.ee\/?s={search_term_string}\"},\"query-input\":{\"@type\":\"PropertyValueSpecification\",\"valueRequired\":true,\"valueName\":\"search_term_string\"}}],\"inLanguage\":\"en-US\"}]}<\/script>\n<!-- \/ Yoast SEO plugin. -->","yoast_head_json":{"title":"L\u00f5put\u00f6\u00f6de juhendamine ja uuringud - Marketing HUB-S","robots":{"index":"index","follow":"follow","max-snippet":"max-snippet:-1","max-image-preview":"max-image-preview:large","max-video-preview":"max-video-preview:-1"},"canonical":"https:\/\/marketinghubs.ee\/teenused\/loputoo-juhendamine-ja-uuringud\/","og_locale":"en_US","og_type":"article","og_title":"L\u00f5put\u00f6\u00f6de juhendamine ja uuringud - Marketing HUB-S","og_url":"https:\/\/marketinghubs.ee\/teenused\/loputoo-juhendamine-ja-uuringud\/","og_site_name":"Marketing HUB-S","article_modified_time":"2017-09-18T15:23:44+00:00","twitter_card":"summary_large_image","twitter_misc":{"Est. reading time":"6 minutes"},"schema":{"@context":"https:\/\/schema.org","@graph":[{"@type":"WebPage","@id":"https:\/\/marketinghubs.ee\/teenused\/loputoo-juhendamine-ja-uuringud\/","url":"https:\/\/marketinghubs.ee\/teenused\/loputoo-juhendamine-ja-uuringud\/","name":"L\u00f5put\u00f6\u00f6de juhendamine ja uuringud - Marketing HUB-S","isPartOf":{"@id":"https:\/\/marketinghubs.ee\/#website"},"datePublished":"2017-09-12T15:56:34+00:00","dateModified":"2017-09-18T15:23:44+00:00","breadcrumb":{"@id":"https:\/\/marketinghubs.ee\/teenused\/loputoo-juhendamine-ja-uuringud\/#breadcrumb"},"inLanguage":"en-US","potentialAction":[{"@type":"ReadAction","target":["https:\/\/marketinghubs.ee\/teenused\/loputoo-juhendamine-ja-uuringud\/"]}]},{"@type":"BreadcrumbList","@id":"https:\/\/marketinghubs.ee\/teenused\/loputoo-juhendamine-ja-uuringud\/#breadcrumb","itemListElement":[{"@type":"ListItem","position":1,"name":"Home","item":"https:\/\/marketinghubs.ee\/en\/"},{"@type":"ListItem","position":2,"name":"Services","item":"https:\/\/marketinghubs.ee\/teenused\/"},{"@type":"ListItem","position":3,"name":"L\u00f5put\u00f6\u00f6de juhendamine ja uuringud"}]},{"@type":"WebSite","@id":"https:\/\/marketinghubs.ee\/#website","url":"https:\/\/marketinghubs.ee\/","name":"Marketing HUB-S","description":"Sinu turundusmentor ja partner","potentialAction":[{"@type":"SearchAction","target":{"@type":"EntryPoint","urlTemplate":"https:\/\/marketinghubs.ee\/?s={search_term_string}"},"query-input":{"@type":"PropertyValueSpecification","valueRequired":true,"valueName":"search_term_string"}}],"inLanguage":"en-US"}]}},"_links":{"self":[{"href":"https:\/\/marketinghubs.ee\/en\/wp-json\/wp\/v2\/pages\/12816"}],"collection":[{"href":"https:\/\/marketinghubs.ee\/en\/wp-json\/wp\/v2\/pages"}],"about":[{"href":"https:\/\/marketinghubs.ee\/en\/wp-json\/wp\/v2\/types\/page"}],"author":[{"embeddable":true,"href":"https:\/\/marketinghubs.ee\/en\/wp-json\/wp\/v2\/users\/1"}],"replies":[{"embeddable":true,"href":"https:\/\/marketinghubs.ee\/en\/wp-json\/wp\/v2\/comments?post=12816"}],"version-history":[{"count":1,"href":"https:\/\/marketinghubs.ee\/en\/wp-json\/wp\/v2\/pages\/12816\/revisions"}],"predecessor-version":[{"id":12842,"href":"https:\/\/marketinghubs.ee\/en\/wp-json\/wp\/v2\/pages\/12816\/revisions\/12842"}],"up":[{"embeddable":true,"href":"https:\/\/marketinghubs.ee\/en\/wp-json\/wp\/v2\/pages\/12803"}],"wp:attachment":[{"href":"https:\/\/marketinghubs.ee\/en\/wp-json\/wp\/v2\/media?parent=12816"}],"curies":[{"name":"wp","href":"https:\/\/api.w.org\/{rel}","templated":true}]}}