{"id":12818,"date":"2017-09-12T15:57:06","date_gmt":"2017-09-12T15:57:06","guid":{"rendered":"http:\/\/marketinghubs.ee\/teenused\/muu-turundusabi-ja-ariplaani-koostamine\/"},"modified":"2017-09-18T15:24:30","modified_gmt":"2017-09-18T15:24:30","slug":"muu-turundusabi-ja-ariplaani-koostamine","status":"publish","type":"page","link":"https:\/\/marketinghubs.ee\/en\/teenused\/muu-turundusabi-ja-ariplaani-koostamine\/","title":{"rendered":"Muu turundusabi ja \u00e4riplaani koostamine"},"content":{"rendered":"<p><div class=\"fusion-fullwidth fullwidth-box fusion-builder-row-1 nonhundred-percent-fullwidth non-hundred-percent-height-scrolling\" style=\"--awb-border-radius-top-left:0px;--awb-border-radius-top-right:0px;--awb-border-radius-bottom-right:0px;--awb-border-radius-bottom-left:0px;--awb-flex-wrap:wrap;\" ><div class=\"fusion-builder-row fusion-row\"><div class=\"fusion-layout-column fusion_builder_column fusion-builder-column-0 fusion_builder_column_1_1 1_1 fusion-one-full fusion-column-first fusion-column-last\" style=\"--awb-bg-size:cover;\"><div class=\"fusion-column-wrapper fusion-flex-column-wrapper-legacy\"><div class=\"fusion-text fusion-text-1\"><p><span style=\"color: #f26522;\"><strong>Muu turundusabi<\/strong><\/span>:<\/p>\n<p>a) <strong>Projektijuhi teenus<\/strong> koolitusi ja konverentse korraldavale ettev\u00f5ttele v\u00f5i agentuurile;<\/p>\n<p>b) <strong>Konverentside v\u00f5i seminaride korraldamine<\/strong> turundajale, alustavale ettev\u00f5tjale ja t\u00f6\u00f6tule (nt \u00e4riplaani koostamine; \u00fcks turunduse valdkond per s\u00fcndmus); turundusalaste teaduskonverentside korraldamine, et lisaks praktikute teadmiste vahetusele saaks edendada parimate praktikate vahetamist \u00f5ppej\u00f5udude ja konsultantide vahel, kes peaksid edendama kontseptuaalset vaadet turundusele ja otsima v\u00f5imalusi teadmiste jagamiseks.<\/p>\n<p>c) <strong>Artikli kirjutamise teenus<\/strong> alustavale ettev\u00f5tjale ja turundajale;<\/p>\n<p>d) Firmadele pakutavad <strong>turundusprojektid ja \u00fcrituste korraldamine<\/strong>.<\/p>\n<p><span style=\"color: #f26522;\"><strong>Alustavale ettev\u00f5tjale<\/strong><\/span>: Oled sa disainer, kunstnik v\u00f5i tootja &#8211; Sina oled oma valdkonnas proff, miks mitte kasutada oma firma turundamiseks ka valdkonna proffi? V\u00e4hemalt ta \u00e4ra kuulata ja sulle m\u00f5nda nippi soovitada. Inimest, kellel on turundusvaldkonnas aastatepikkune kogemus, kes tahab alati rohkem saavutada ja paremaid tulemusi \u201ekoju tuua\u201c.<\/p>\n<\/div><div class=\"fusion-clearfix\"><\/div><\/div><\/div><\/div><\/div><div class=\"fusion-fullwidth fullwidth-box fusion-builder-row-2 nonhundred-percent-fullwidth non-hundred-percent-height-scrolling\" style=\"--awb-border-radius-top-left:0px;--awb-border-radius-top-right:0px;--awb-border-radius-bottom-right:0px;--awb-border-radius-bottom-left:0px;--awb-padding-top:20px;--awb-padding-bottom:20px;--awb-background-color:#f26522;--awb-flex-wrap:wrap;\" ><div class=\"fusion-builder-row fusion-row\"><div class=\"fusion-layout-column fusion_builder_column fusion-builder-column-1 fusion_builder_column_1_1 1_1 fusion-one-full fusion-column-first fusion-column-last\" style=\"--awb-bg-size:cover;\"><div class=\"fusion-column-wrapper fusion-flex-column-wrapper-legacy\"><div class=\"fusion-aligncenter\"><a class=\"fusion-button button-flat fusion-button-default-size button-custom fusion-button-default button-1 fusion-button-default-span fusion-button-default-type\" style=\"--button_accent_color:#1f1f27;--button_accent_hover_color:#ffffff;--button_border_hover_color:#ffffff;--button_gradient_top_color:#ffffff;--button_gradient_bottom_color:#ffffff;--button_gradient_top_color_hover:#f26522;--button_gradient_bottom_color_hover:#f26522;\" target=\"_self\" href=\"https:\/\/marketinghubs.ee\/kontakt\/#kontakt\"><i class=\" fa fa-play button-icon-left\" aria-hidden=\"true\"><\/i><span class=\"fusion-button-text\">V\u00f5ta \u00fchendust!<\/span><\/a><\/div><div class=\"fusion-clearfix\"><\/div><\/div><\/div><\/div><\/div><\/p>\n","protected":false},"excerpt":{"rendered":"","protected":false},"author":1,"featured_media":0,"parent":12803,"menu_order":5,"comment_status":"closed","ping_status":"closed","template":"100-width.php","meta":{"footnotes":""},"class_list":["post-12818","page","type-page","status-publish","hentry"],"yoast_head":"<!-- This site is optimized with the Yoast SEO plugin v23.4 - https:\/\/yoast.com\/wordpress\/plugins\/seo\/ -->\n<title>Muu turundusabi ja \u00e4riplaani koostamine - Marketing HUB-S<\/title>\n<meta name=\"robots\" content=\"index, follow, max-snippet:-1, max-image-preview:large, max-video-preview:-1\" \/>\n<link rel=\"canonical\" href=\"https:\/\/marketinghubs.ee\/teenused\/ariplaani-koostamine-ja-muu-turundusabi\/\" \/>\n<meta property=\"og:locale\" content=\"en_US\" \/>\n<meta property=\"og:type\" content=\"article\" \/>\n<meta property=\"og:title\" content=\"Muu turundusabi ja \u00e4riplaani koostamine - Marketing HUB-S\" \/>\n<meta property=\"og:url\" content=\"https:\/\/marketinghubs.ee\/teenused\/ariplaani-koostamine-ja-muu-turundusabi\/\" \/>\n<meta property=\"og:site_name\" content=\"Marketing HUB-S\" \/>\n<meta property=\"article:modified_time\" content=\"2017-09-18T15:24:30+00:00\" \/>\n<meta name=\"twitter:card\" content=\"summary_large_image\" \/>\n<meta name=\"twitter:label1\" content=\"Est. reading time\" \/>\n\t<meta name=\"twitter:data1\" content=\"3 minutes\" \/>\n<script type=\"application\/ld+json\" class=\"yoast-schema-graph\">{\"@context\":\"https:\/\/schema.org\",\"@graph\":[{\"@type\":\"WebPage\",\"@id\":\"https:\/\/marketinghubs.ee\/teenused\/ariplaani-koostamine-ja-muu-turundusabi\/\",\"url\":\"https:\/\/marketinghubs.ee\/teenused\/ariplaani-koostamine-ja-muu-turundusabi\/\",\"name\":\"Muu turundusabi ja \u00e4riplaani koostamine - Marketing HUB-S\",\"isPartOf\":{\"@id\":\"https:\/\/marketinghubs.ee\/#website\"},\"datePublished\":\"2017-09-12T15:57:06+00:00\",\"dateModified\":\"2017-09-18T15:24:30+00:00\",\"breadcrumb\":{\"@id\":\"https:\/\/marketinghubs.ee\/teenused\/ariplaani-koostamine-ja-muu-turundusabi\/#breadcrumb\"},\"inLanguage\":\"en-US\",\"potentialAction\":[{\"@type\":\"ReadAction\",\"target\":[\"https:\/\/marketinghubs.ee\/teenused\/ariplaani-koostamine-ja-muu-turundusabi\/\"]}]},{\"@type\":\"BreadcrumbList\",\"@id\":\"https:\/\/marketinghubs.ee\/teenused\/ariplaani-koostamine-ja-muu-turundusabi\/#breadcrumb\",\"itemListElement\":[{\"@type\":\"ListItem\",\"position\":1,\"name\":\"Home\",\"item\":\"https:\/\/marketinghubs.ee\/en\/\"},{\"@type\":\"ListItem\",\"position\":2,\"name\":\"Services\",\"item\":\"https:\/\/marketinghubs.ee\/teenused\/\"},{\"@type\":\"ListItem\",\"position\":3,\"name\":\"Muu turundusabi ja \u00e4riplaani koostamine\"}]},{\"@type\":\"WebSite\",\"@id\":\"https:\/\/marketinghubs.ee\/#website\",\"url\":\"https:\/\/marketinghubs.ee\/\",\"name\":\"Marketing HUB-S\",\"description\":\"Sinu turundusmentor ja partner\",\"potentialAction\":[{\"@type\":\"SearchAction\",\"target\":{\"@type\":\"EntryPoint\",\"urlTemplate\":\"https:\/\/marketinghubs.ee\/?s={search_term_string}\"},\"query-input\":{\"@type\":\"PropertyValueSpecification\",\"valueRequired\":true,\"valueName\":\"search_term_string\"}}],\"inLanguage\":\"en-US\"}]}<\/script>\n<!-- \/ Yoast SEO plugin. -->","yoast_head_json":{"title":"Muu turundusabi ja \u00e4riplaani koostamine - Marketing HUB-S","robots":{"index":"index","follow":"follow","max-snippet":"max-snippet:-1","max-image-preview":"max-image-preview:large","max-video-preview":"max-video-preview:-1"},"canonical":"https:\/\/marketinghubs.ee\/teenused\/ariplaani-koostamine-ja-muu-turundusabi\/","og_locale":"en_US","og_type":"article","og_title":"Muu turundusabi ja \u00e4riplaani koostamine - Marketing HUB-S","og_url":"https:\/\/marketinghubs.ee\/teenused\/ariplaani-koostamine-ja-muu-turundusabi\/","og_site_name":"Marketing HUB-S","article_modified_time":"2017-09-18T15:24:30+00:00","twitter_card":"summary_large_image","twitter_misc":{"Est. reading time":"3 minutes"},"schema":{"@context":"https:\/\/schema.org","@graph":[{"@type":"WebPage","@id":"https:\/\/marketinghubs.ee\/teenused\/ariplaani-koostamine-ja-muu-turundusabi\/","url":"https:\/\/marketinghubs.ee\/teenused\/ariplaani-koostamine-ja-muu-turundusabi\/","name":"Muu turundusabi ja \u00e4riplaani koostamine - Marketing HUB-S","isPartOf":{"@id":"https:\/\/marketinghubs.ee\/#website"},"datePublished":"2017-09-12T15:57:06+00:00","dateModified":"2017-09-18T15:24:30+00:00","breadcrumb":{"@id":"https:\/\/marketinghubs.ee\/teenused\/ariplaani-koostamine-ja-muu-turundusabi\/#breadcrumb"},"inLanguage":"en-US","potentialAction":[{"@type":"ReadAction","target":["https:\/\/marketinghubs.ee\/teenused\/ariplaani-koostamine-ja-muu-turundusabi\/"]}]},{"@type":"BreadcrumbList","@id":"https:\/\/marketinghubs.ee\/teenused\/ariplaani-koostamine-ja-muu-turundusabi\/#breadcrumb","itemListElement":[{"@type":"ListItem","position":1,"name":"Home","item":"https:\/\/marketinghubs.ee\/en\/"},{"@type":"ListItem","position":2,"name":"Services","item":"https:\/\/marketinghubs.ee\/teenused\/"},{"@type":"ListItem","position":3,"name":"Muu turundusabi ja \u00e4riplaani koostamine"}]},{"@type":"WebSite","@id":"https:\/\/marketinghubs.ee\/#website","url":"https:\/\/marketinghubs.ee\/","name":"Marketing HUB-S","description":"Sinu turundusmentor ja partner","potentialAction":[{"@type":"SearchAction","target":{"@type":"EntryPoint","urlTemplate":"https:\/\/marketinghubs.ee\/?s={search_term_string}"},"query-input":{"@type":"PropertyValueSpecification","valueRequired":true,"valueName":"search_term_string"}}],"inLanguage":"en-US"}]}},"_links":{"self":[{"href":"https:\/\/marketinghubs.ee\/en\/wp-json\/wp\/v2\/pages\/12818"}],"collection":[{"href":"https:\/\/marketinghubs.ee\/en\/wp-json\/wp\/v2\/pages"}],"about":[{"href":"https:\/\/marketinghubs.ee\/en\/wp-json\/wp\/v2\/types\/page"}],"author":[{"embeddable":true,"href":"https:\/\/marketinghubs.ee\/en\/wp-json\/wp\/v2\/users\/1"}],"replies":[{"embeddable":true,"href":"https:\/\/marketinghubs.ee\/en\/wp-json\/wp\/v2\/comments?post=12818"}],"version-history":[{"count":1,"href":"https:\/\/marketinghubs.ee\/en\/wp-json\/wp\/v2\/pages\/12818\/revisions"}],"predecessor-version":[{"id":12843,"href":"https:\/\/marketinghubs.ee\/en\/wp-json\/wp\/v2\/pages\/12818\/revisions\/12843"}],"up":[{"embeddable":true,"href":"https:\/\/marketinghubs.ee\/en\/wp-json\/wp\/v2\/pages\/12803"}],"wp:attachment":[{"href":"https:\/\/marketinghubs.ee\/en\/wp-json\/wp\/v2\/media?parent=12818"}],"curies":[{"name":"wp","href":"https:\/\/api.w.org\/{rel}","templated":true}]}}